{"id":1100,"date":"2025-01-28T10:24:15","date_gmt":"2025-01-28T09:24:15","guid":{"rendered":"https:\/\/www.displayfabriken.com\/?page_id=1100"},"modified":"2025-02-05T11:15:20","modified_gmt":"2025-02-05T10:15:20","slug":"villkor","status":"publish","type":"page","link":"https:\/\/www.displayfabriken.com\/sv\/villkor\/","title":{"rendered":"Allm\u00e4nna villkor"},"content":{"rendered":"\t\t<div data-elementor-type=\"wp-page\" data-elementor-id=\"1100\" class=\"elementor elementor-1100\" data-elementor-settings=\"{&quot;ha_cmc_init_switcher&quot;:&quot;no&quot;}\" data-elementor-post-type=\"page\">\n\t\t\t\t<div class=\"elementor-element elementor-element-1fefb60 e-flex e-con-boxed e-con e-parent\" data-id=\"1fefb60\" data-element_type=\"container\" data-e-type=\"container\" data-settings=\"{&quot;background_background&quot;:&quot;classic&quot;,&quot;_ha_eqh_enable&quot;:false}\">\n\t\t\t\t\t<div class=\"e-con-inner\">\n\t\t\t\t<div class=\"elementor-element elementor-element-a3f86a9 elementor-widget__width-inherit animated-slow elementor-invisible elementor-widget elementor-widget-heading\" data-id=\"a3f86a9\" data-element_type=\"widget\" data-e-type=\"widget\" data-settings=\"{&quot;_animation&quot;:&quot;fadeInUp&quot;}\" data-widget_type=\"heading.default\">\n\t\t\t\t<div class=\"elementor-widget-container\">\n\t\t\t\t\t<h1 class=\"elementor-heading-title elementor-size-default\">Allm\u00e4nna villkor<\/h1>\t\t\t\t<\/div>\n\t\t\t\t<\/div>\n\t\t\t\t\t<\/div>\n\t\t\t\t<\/div>\n\t\t<div class=\"elementor-element elementor-element-3a0eaee e-flex e-con-boxed e-con e-parent\" data-id=\"3a0eaee\" data-element_type=\"container\" data-e-type=\"container\" data-settings=\"{&quot;_ha_eqh_enable&quot;:false}\">\n\t\t\t\t\t<div class=\"e-con-inner\">\n\t\t\t\t<div class=\"elementor-element elementor-element-fc45217 elementor-widget elementor-widget-heading\" data-id=\"fc45217\" data-element_type=\"widget\" data-e-type=\"widget\" data-widget_type=\"heading.default\">\n\t\t\t\t<div class=\"elementor-widget-container\">\n\t\t\t\t\t<h2 class=\"elementor-heading-title elementor-size-default\">Allm\u00e4nna f\u00f6rs\u00e4ljnings- och leveransvillkor<\/h2>\t\t\t\t<\/div>\n\t\t\t\t<\/div>\n\t\t\t\t<div class=\"elementor-element elementor-element-734dbf4 rubrikstlk elementor-widget elementor-widget-text-editor\" data-id=\"734dbf4\" data-element_type=\"widget\" data-e-type=\"widget\" data-widget_type=\"text-editor.default\">\n\t\t\t\t<div class=\"elementor-widget-container\">\n\t\t\t\t\t\t\t\t\t<p>Displayfabriken f\u00f6ljer f\u00f6r branschen allm\u00e4nna rekommendationer.<\/p><h2>Avtals Ing\u00e5ende<\/h2><p>S\u00e4ljaren \u00e4r bunden f\u00f6rst sedan han avgivit skriftligt ordererk\u00e4nnande.<\/p><h2>Leveranstid<\/h2><p>Leveranstiden r\u00e4ttar sig om m\u00f6jligt efter k\u00f6parens villkor. Leveransen anses ha skett i r\u00e4tt tid, om godset inom leveranstiden antingen avs\u00e4nts fr\u00e5n s\u00e4ljaren eller i f\u00f6rekommande fall anm\u00e4lts f\u00e4rdigt f\u00f6r avh\u00e4mtning av k\u00f6paren. Finner part att han inte kan h\u00e5lla avtalad tidpunkt f\u00f6r leverans eller mottagandet av godset skall den andra parten underr\u00e4ttas utan dr\u00f6jsm\u00e5l. Strejk, lockout, driftst\u00f6rningar, force-majeure, osv f\u00f6rl\u00e4nger leverans\u00e5tagandena under motsvarande tid.<\/p><h2>Leveransvillkor<\/h2><p>Fraktkostnader betalas av k\u00f6paren, om inte annat \u00e4r avtalat (eller enligt offert). S\u00e4ljaren kan annullera en tidigare erk\u00e4nd order, om det finns ett icke avklarat, ekonomiskt mellanhavande med k\u00f6paren.<\/p><h2>Kvantitet<\/h2><p>S\u00e4ljaren f\u00f6rbeh\u00e5ller sig r\u00e4tt till \u00f6ver- eller underleverans med h\u00f6gst 5 % av den avtalade kvantiteten.<\/p><h2>Prisjustering<\/h2><p>Offererade priser \u00e4r giltiga i 30 dagar fr\u00e5n offertdatum om ej annat avtalats skriftligt. I \u00f6vrigt g\u00e4ller priser med reservation f\u00f6r eventuella valuta- eller r\u00e5varuprisf\u00f6r\u00e4ndringar st\u00f6rre \u00e4n +\/-2 %. Displayfabriken AB skall l\u00f6pande ha r\u00e4tt att utan varsel genomf\u00f6ra prisf\u00f6r\u00e4ndringar av tidigare priser, prislistor och offerter, d\u00e4r inte annat \u00f6verenskommits.<\/p><h2>Merv\u00e4rdesskatt<\/h2><p>K\u00f6peskillingen innefattar ej merv\u00e4rdesskatt. Detta tillkommer med 25 % p\u00e5 alla priser.<\/p><h2>Betalningsvillkor<\/h2><p>Betalningsvillkor 30 dagar efter sedvanlig kreditpr\u00f6vning. Dr\u00f6jsm\u00e5lsr\u00e4nta till\u00e4mpas med f.n. 6 %. Vid obetald faktura \u00f6vertar Svea ekonomi ansvaret f\u00f6r betalning. Alla tillkommande kostnader debiteras d\u00e5 enligt lag.<\/p><h2>Emballage<\/h2><p>Emballage debiteras alltid om inte annat avtalats.<\/p><h2>F\u00f6rs\u00e4ndelse<\/h2><p>Varor s\u00e4ndes p\u00e5 k\u00f6parens r\u00e4kning och risk. Ansvaret f\u00f6r leveransen \u00f6verg\u00e5r till k\u00f6paren s\u00e5 snart varan \u00e4r levererad fr\u00e5n oss till transportfirman. K\u00f6paren ansvarar f\u00f6r att eventuellt transportskadat gods omg\u00e5ende anm\u00e4ls till transportfirman.<\/p><h2>Reklamation<\/h2><p>Eventuella reklamationer p\u00e5 levererade varor skall omg\u00e5ende g\u00f6ras efter mottagandet av varan. Godk\u00e4nnes reklamationen, erh\u00e5lles full ers\u00e4ttning efter varans fakturerade v\u00e4rde. S\u00e4ljaren ger ingen ers\u00e4ttning f\u00f6r annan f\u00f6rlust, inte heller f\u00f6r f\u00f6ljdskador s\u00e5som int\u00e4ktsf\u00f6rlust, tidsf\u00f6rlust, dagsb\u00f6ter m.m. om inte ett vidareg\u00e5ende ansvar uttryckligen \u00e4r avtalat vid k\u00f6pet.<\/p><h2>Produktansvar<\/h2><p>S\u00e4ljaren ansvarar inte f\u00f6r att varan \u00e4r l\u00e4mplig f\u00f6r n\u00e5got visst \u00e4ndam\u00e5l s\u00e5vida han inte genom skriftlig garanti f\u00f6rklarat att s\u00e5 \u00e4r fallet. S\u00e4ljaren \u00e4r inte gentemot k\u00f6paren skyldig att ers\u00e4tta skada p\u00e5 grund av skadebringande egenskaper i godset. K\u00f6paren ansvarar gentemot tredje person f\u00f6r skadebringande egenskaper i godset.<\/p><h2>\u00c4gander\u00e4ttsf\u00f6rbeh\u00e5ll<\/h2><p>S\u00e4ljaren f\u00f6rbeh\u00e5ller sig r\u00e4tten att \u00e5terta den s\u00e5lda egendomen intill dess k\u00f6pare fullgjort samtliga betalningsf\u00f6rpliktelser enligt detta avtal.<\/p>\t\t\t\t\t\t\t\t<\/div>\n\t\t\t\t<\/div>\n\t\t\t\t\t<\/div>\n\t\t\t\t<\/div>\n\t\t\t\t<\/div>\n\t\t","protected":false},"excerpt":{"rendered":"<p>Allm\u00e4nna villkor Allm\u00e4nna f\u00f6rs\u00e4ljnings- och leveransvillkor Displayfabriken f\u00f6ljer f\u00f6r branschen allm\u00e4nna rekommendationer. Avtals Ing\u00e5ende S\u00e4ljaren \u00e4r bunden f\u00f6rst sedan han avgivit skriftligt ordererk\u00e4nnande. Leveranstid Leveranstiden r\u00e4ttar sig om m\u00f6jligt efter k\u00f6parens villkor. Leveransen anses ha skett i r\u00e4tt tid, om godset inom leveranstiden antingen avs\u00e4nts fr\u00e5n s\u00e4ljaren eller i f\u00f6rekommande fall anm\u00e4lts f\u00e4rdigt f\u00f6r avh\u00e4mtning [&hellip;]<\/p>\n","protected":false},"author":1,"featured_media":0,"parent":0,"menu_order":0,"comment_status":"closed","ping_status":"closed","template":"","meta":{"site-sidebar-layout":"no-sidebar","site-content-layout":"page-builder","ast-site-content-layout":"full-width-container","site-content-style":"default","site-sidebar-style":"default","ast-global-header-display":"","ast-banner-title-visibility":"","ast-main-header-display":"","ast-hfb-above-header-display":"","ast-hfb-below-header-display":"","ast-hfb-mobile-header-display":"","site-post-title":"disabled","ast-breadcrumbs-content":"","ast-featured-img":"disabled","footer-sml-layout":"","theme-transparent-header-meta":"","adv-header-id-meta":"","stick-header-meta":"","header-above-stick-meta":"","header-main-stick-meta":"","header-below-stick-meta":"","astra-migrate-meta-layouts":"set","ast-page-background-enabled":"default","ast-page-background-meta":{"desktop":{"background-color":"","background-image":"","background-repeat":"repeat","background-position":"center center","background-size":"auto","background-attachment":"scroll","background-type":"","background-media":"","overlay-type":"","overlay-color":"","overlay-opacity":"","overlay-gradient":""},"tablet":{"background-color":"","background-image":"","background-repeat":"repeat","background-position":"center center","background-size":"auto","background-attachment":"scroll","background-type":"","background-media":"","overlay-type":"","overlay-color":"","overlay-opacity":"","overlay-gradient":""},"mobile":{"background-color":"","background-image":"","background-repeat":"repeat","background-position":"center center","background-size":"auto","background-attachment":"scroll","background-type":"","background-media":"","overlay-type":"","overlay-color":"","overlay-opacity":"","overlay-gradient":""}},"ast-content-background-meta":{"desktop":{"background-color":"var(--ast-global-color-5)","background-image":"","background-repeat":"repeat","background-position":"center center","background-size":"auto","background-attachment":"scroll","background-type":"","background-media":"","overlay-type":"","overlay-color":"","overlay-opacity":"","overlay-gradient":""},"tablet":{"background-color":"var(--ast-global-color-5)","background-image":"","background-repeat":"repeat","background-position":"center center","background-size":"auto","background-attachment":"scroll","background-type":"","background-media":"","overlay-type":"","overlay-color":"","overlay-opacity":"","overlay-gradient":""},"mobile":{"background-color":"var(--ast-global-color-5)","background-image":"","background-repeat":"repeat","background-position":"center center","background-size":"auto","background-attachment":"scroll","background-type":"","background-media":"","overlay-type":"","overlay-color":"","overlay-opacity":"","overlay-gradient":""}},"footnotes":""},"class_list":["post-1100","page","type-page","status-publish","hentry"],"yoast_head":"<!-- This site is optimized with the Yoast SEO plugin v27.4 - https:\/\/yoast.com\/product\/yoast-seo-wordpress\/ -->\n<title>Allm\u00e4nna villkor - Displayfabriken<\/title>\n<meta name=\"robots\" content=\"index, follow, max-snippet:-1, max-image-preview:large, max-video-preview:-1\" \/>\n<link rel=\"canonical\" href=\"https:\/\/www.displayfabriken.com\/sv\/villkor\/\" \/>\n<meta property=\"og:locale\" content=\"sv_SE\" \/>\n<meta property=\"og:type\" content=\"article\" \/>\n<meta property=\"og:title\" content=\"Allm\u00e4nna villkor - Displayfabriken\" \/>\n<meta property=\"og:description\" content=\"Allm\u00e4nna villkor Allm\u00e4nna f\u00f6rs\u00e4ljnings- och leveransvillkor Displayfabriken f\u00f6ljer f\u00f6r branschen allm\u00e4nna rekommendationer. Avtals Ing\u00e5ende S\u00e4ljaren \u00e4r bunden f\u00f6rst sedan han avgivit skriftligt ordererk\u00e4nnande. Leveranstid Leveranstiden r\u00e4ttar sig om m\u00f6jligt efter k\u00f6parens villkor. Leveransen anses ha skett i r\u00e4tt tid, om godset inom leveranstiden antingen avs\u00e4nts fr\u00e5n s\u00e4ljaren eller i f\u00f6rekommande fall anm\u00e4lts f\u00e4rdigt f\u00f6r avh\u00e4mtning [&hellip;]\" \/>\n<meta property=\"og:url\" content=\"https:\/\/www.displayfabriken.com\/sv\/villkor\/\" \/>\n<meta property=\"og:site_name\" content=\"Displayfabriken\" \/>\n<meta property=\"article:modified_time\" content=\"2025-02-05T10:15:20+00:00\" \/>\n<meta name=\"twitter:card\" content=\"summary_large_image\" \/>\n<meta name=\"twitter:label1\" content=\"Ber\u00e4knad l\u00e4stid\" \/>\n\t<meta name=\"twitter:data1\" content=\"2 minuter\" \/>\n<script type=\"application\/ld+json\" class=\"yoast-schema-graph\">{\"@context\":\"https:\\\/\\\/schema.org\",\"@graph\":[{\"@type\":\"WebPage\",\"@id\":\"https:\\\/\\\/www.displayfabriken.com\\\/sv\\\/villkor\\\/\",\"url\":\"https:\\\/\\\/www.displayfabriken.com\\\/sv\\\/villkor\\\/\",\"name\":\"Allm\u00e4nna villkor - Displayfabriken\",\"isPartOf\":{\"@id\":\"https:\\\/\\\/www.displayfabriken.com\\\/sv\\\/#website\"},\"datePublished\":\"2025-01-28T09:24:15+00:00\",\"dateModified\":\"2025-02-05T10:15:20+00:00\",\"breadcrumb\":{\"@id\":\"https:\\\/\\\/www.displayfabriken.com\\\/sv\\\/villkor\\\/#breadcrumb\"},\"inLanguage\":\"sv-SE\",\"potentialAction\":[{\"@type\":\"ReadAction\",\"target\":[\"https:\\\/\\\/www.displayfabriken.com\\\/sv\\\/villkor\\\/\"]}]},{\"@type\":\"BreadcrumbList\",\"@id\":\"https:\\\/\\\/www.displayfabriken.com\\\/sv\\\/villkor\\\/#breadcrumb\",\"itemListElement\":[{\"@type\":\"ListItem\",\"position\":1,\"name\":\"Hem\",\"item\":\"https:\\\/\\\/www.displayfabriken.com\\\/sv\\\/\"},{\"@type\":\"ListItem\",\"position\":2,\"name\":\"Allm\u00e4nna villkor\"}]},{\"@type\":\"WebSite\",\"@id\":\"https:\\\/\\\/www.displayfabriken.com\\\/sv\\\/#website\",\"url\":\"https:\\\/\\\/www.displayfabriken.com\\\/sv\\\/\",\"name\":\"Displayfabriken\",\"description\":\"The display and branding company\",\"publisher\":{\"@id\":\"https:\\\/\\\/www.displayfabriken.com\\\/sv\\\/#organization\"},\"potentialAction\":[{\"@type\":\"SearchAction\",\"target\":{\"@type\":\"EntryPoint\",\"urlTemplate\":\"https:\\\/\\\/www.displayfabriken.com\\\/sv\\\/?s={search_term_string}\"},\"query-input\":{\"@type\":\"PropertyValueSpecification\",\"valueRequired\":true,\"valueName\":\"search_term_string\"}}],\"inLanguage\":\"sv-SE\"},{\"@type\":\"Organization\",\"@id\":\"https:\\\/\\\/www.displayfabriken.com\\\/sv\\\/#organization\",\"name\":\"Displayfabriken\",\"url\":\"https:\\\/\\\/www.displayfabriken.com\\\/sv\\\/\",\"logo\":{\"@type\":\"ImageObject\",\"inLanguage\":\"sv-SE\",\"@id\":\"https:\\\/\\\/www.displayfabriken.com\\\/sv\\\/#\\\/schema\\\/logo\\\/image\\\/\",\"url\":\"https:\\\/\\\/www.displayfabriken.com\\\/wp-content\\\/uploads\\\/2025\\\/01\\\/displayfabriken_logo.png\",\"contentUrl\":\"https:\\\/\\\/www.displayfabriken.com\\\/wp-content\\\/uploads\\\/2025\\\/01\\\/displayfabriken_logo.png\",\"width\":350,\"height\":61,\"caption\":\"Displayfabriken\"},\"image\":{\"@id\":\"https:\\\/\\\/www.displayfabriken.com\\\/sv\\\/#\\\/schema\\\/logo\\\/image\\\/\"}}]}<\/script>\n<!-- \/ Yoast SEO plugin. -->","yoast_head_json":{"title":"Allm\u00e4nna villkor - Displayfabriken","robots":{"index":"index","follow":"follow","max-snippet":"max-snippet:-1","max-image-preview":"max-image-preview:large","max-video-preview":"max-video-preview:-1"},"canonical":"https:\/\/www.displayfabriken.com\/sv\/villkor\/","og_locale":"sv_SE","og_type":"article","og_title":"Allm\u00e4nna villkor - Displayfabriken","og_description":"Allm\u00e4nna villkor Allm\u00e4nna f\u00f6rs\u00e4ljnings- och leveransvillkor Displayfabriken f\u00f6ljer f\u00f6r branschen allm\u00e4nna rekommendationer. Avtals Ing\u00e5ende S\u00e4ljaren \u00e4r bunden f\u00f6rst sedan han avgivit skriftligt ordererk\u00e4nnande. Leveranstid Leveranstiden r\u00e4ttar sig om m\u00f6jligt efter k\u00f6parens villkor. Leveransen anses ha skett i r\u00e4tt tid, om godset inom leveranstiden antingen avs\u00e4nts fr\u00e5n s\u00e4ljaren eller i f\u00f6rekommande fall anm\u00e4lts f\u00e4rdigt f\u00f6r avh\u00e4mtning [&hellip;]","og_url":"https:\/\/www.displayfabriken.com\/sv\/villkor\/","og_site_name":"Displayfabriken","article_modified_time":"2025-02-05T10:15:20+00:00","twitter_card":"summary_large_image","twitter_misc":{"Ber\u00e4knad l\u00e4stid":"2 minuter"},"schema":{"@context":"https:\/\/schema.org","@graph":[{"@type":"WebPage","@id":"https:\/\/www.displayfabriken.com\/sv\/villkor\/","url":"https:\/\/www.displayfabriken.com\/sv\/villkor\/","name":"Allm\u00e4nna villkor - Displayfabriken","isPartOf":{"@id":"https:\/\/www.displayfabriken.com\/sv\/#website"},"datePublished":"2025-01-28T09:24:15+00:00","dateModified":"2025-02-05T10:15:20+00:00","breadcrumb":{"@id":"https:\/\/www.displayfabriken.com\/sv\/villkor\/#breadcrumb"},"inLanguage":"sv-SE","potentialAction":[{"@type":"ReadAction","target":["https:\/\/www.displayfabriken.com\/sv\/villkor\/"]}]},{"@type":"BreadcrumbList","@id":"https:\/\/www.displayfabriken.com\/sv\/villkor\/#breadcrumb","itemListElement":[{"@type":"ListItem","position":1,"name":"Hem","item":"https:\/\/www.displayfabriken.com\/sv\/"},{"@type":"ListItem","position":2,"name":"Allm\u00e4nna villkor"}]},{"@type":"WebSite","@id":"https:\/\/www.displayfabriken.com\/sv\/#website","url":"https:\/\/www.displayfabriken.com\/sv\/","name":"Displayfabriken","description":"The display and branding company","publisher":{"@id":"https:\/\/www.displayfabriken.com\/sv\/#organization"},"potentialAction":[{"@type":"SearchAction","target":{"@type":"EntryPoint","urlTemplate":"https:\/\/www.displayfabriken.com\/sv\/?s={search_term_string}"},"query-input":{"@type":"PropertyValueSpecification","valueRequired":true,"valueName":"search_term_string"}}],"inLanguage":"sv-SE"},{"@type":"Organization","@id":"https:\/\/www.displayfabriken.com\/sv\/#organization","name":"Displayfabriken","url":"https:\/\/www.displayfabriken.com\/sv\/","logo":{"@type":"ImageObject","inLanguage":"sv-SE","@id":"https:\/\/www.displayfabriken.com\/sv\/#\/schema\/logo\/image\/","url":"https:\/\/www.displayfabriken.com\/wp-content\/uploads\/2025\/01\/displayfabriken_logo.png","contentUrl":"https:\/\/www.displayfabriken.com\/wp-content\/uploads\/2025\/01\/displayfabriken_logo.png","width":350,"height":61,"caption":"Displayfabriken"},"image":{"@id":"https:\/\/www.displayfabriken.com\/sv\/#\/schema\/logo\/image\/"}}]}},"_links":{"self":[{"href":"https:\/\/www.displayfabriken.com\/sv\/wp-json\/wp\/v2\/pages\/1100","targetHints":{"allow":["GET"]}}],"collection":[{"href":"https:\/\/www.displayfabriken.com\/sv\/wp-json\/wp\/v2\/pages"}],"about":[{"href":"https:\/\/www.displayfabriken.com\/sv\/wp-json\/wp\/v2\/types\/page"}],"author":[{"embeddable":true,"href":"https:\/\/www.displayfabriken.com\/sv\/wp-json\/wp\/v2\/users\/1"}],"replies":[{"embeddable":true,"href":"https:\/\/www.displayfabriken.com\/sv\/wp-json\/wp\/v2\/comments?post=1100"}],"version-history":[{"count":35,"href":"https:\/\/www.displayfabriken.com\/sv\/wp-json\/wp\/v2\/pages\/1100\/revisions"}],"predecessor-version":[{"id":2828,"href":"https:\/\/www.displayfabriken.com\/sv\/wp-json\/wp\/v2\/pages\/1100\/revisions\/2828"}],"wp:attachment":[{"href":"https:\/\/www.displayfabriken.com\/sv\/wp-json\/wp\/v2\/media?parent=1100"}],"curies":[{"name":"wp","href":"https:\/\/api.w.org\/{rel}","templated":true}]}}