{"id":2994,"date":"2025-02-06T11:22:00","date_gmt":"2025-02-06T10:22:00","guid":{"rendered":"https:\/\/www.displayfabriken.com\/?page_id=2994"},"modified":"2025-02-06T11:38:55","modified_gmt":"2025-02-06T10:38:55","slug":"karnvarden","status":"publish","type":"page","link":"https:\/\/www.displayfabriken.com\/sv\/karnvarden\/","title":{"rendered":"K\u00e4rnv\u00e4rden"},"content":{"rendered":"\t\t<div data-elementor-type=\"wp-page\" data-elementor-id=\"2994\" class=\"elementor elementor-2994\" data-elementor-settings=\"{&quot;ha_cmc_init_switcher&quot;:&quot;no&quot;}\" data-elementor-post-type=\"page\">\n\t\t\t\t<div class=\"elementor-element elementor-element-f0114cd e-flex e-con-boxed e-con e-parent\" data-id=\"f0114cd\" data-element_type=\"container\" data-e-type=\"container\" data-settings=\"{&quot;background_background&quot;:&quot;classic&quot;,&quot;_ha_eqh_enable&quot;:false}\">\n\t\t\t\t\t<div class=\"e-con-inner\">\n\t\t\t\t<div class=\"elementor-element elementor-element-4588d79 elementor-widget__width-inherit animated-slow elementor-invisible elementor-widget elementor-widget-heading\" data-id=\"4588d79\" data-element_type=\"widget\" data-e-type=\"widget\" data-settings=\"{&quot;_animation&quot;:&quot;fadeInUp&quot;}\" data-widget_type=\"heading.default\">\n\t\t\t\t<div class=\"elementor-widget-container\">\n\t\t\t\t\t<h1 class=\"elementor-heading-title elementor-size-default\">K\u00e4rnv\u00e4rden<\/h1>\t\t\t\t<\/div>\n\t\t\t\t<\/div>\n\t\t\t\t\t<\/div>\n\t\t\t\t<\/div>\n\t\t<div class=\"elementor-element elementor-element-844ecb9 e-flex e-con-boxed e-con e-parent\" data-id=\"844ecb9\" data-element_type=\"container\" data-e-type=\"container\" data-settings=\"{&quot;_ha_eqh_enable&quot;:false}\">\n\t\t\t\t\t<div class=\"e-con-inner\">\n\t\t<div class=\"elementor-element elementor-element-2d040fc e-con-full e-flex e-con e-child\" data-id=\"2d040fc\" data-element_type=\"container\" data-e-type=\"container\" data-settings=\"{&quot;_ha_eqh_enable&quot;:false}\">\n\t\t\t\t<div class=\"elementor-element elementor-element-232351b elementor-widget elementor-widget-heading\" data-id=\"232351b\" data-element_type=\"widget\" data-e-type=\"widget\" data-widget_type=\"heading.default\">\n\t\t\t\t<div class=\"elementor-widget-container\">\n\t\t\t\t\t<h2 class=\"elementor-heading-title elementor-size-default\">Anledningarna att v\u00e4lja Displayfabriken \u00e4r m\u00e5nga<\/h2>\t\t\t\t<\/div>\n\t\t\t\t<\/div>\n\t\t\t\t<div class=\"elementor-element elementor-element-ea40351 elementor-widget elementor-widget-n-accordion\" data-id=\"ea40351\" data-element_type=\"widget\" data-e-type=\"widget\" data-settings=\"{&quot;default_state&quot;:&quot;expanded&quot;,&quot;max_items_expended&quot;:&quot;one&quot;,&quot;n_accordion_animation_duration&quot;:{&quot;unit&quot;:&quot;ms&quot;,&quot;size&quot;:400,&quot;sizes&quot;:[]}}\" data-widget_type=\"nested-accordion.default\">\n\t\t\t\t<div class=\"elementor-widget-container\">\n\t\t\t\t\t\t\t<div class=\"e-n-accordion\" aria-label=\"Accordion. Open links with Enter or Space, close with Escape, and navigate with Arrow Keys\">\n\t\t\t\t\t\t<details id=\"e-n-accordion-item-2450\" class=\"e-n-accordion-item\" open>\n\t\t\t\t<summary class=\"e-n-accordion-item-title\" data-accordion-index=\"1\" tabindex=\"0\" aria-expanded=\"true\" aria-controls=\"e-n-accordion-item-2450\" >\n\t\t\t\t\t<span class='e-n-accordion-item-title-header'><div class=\"e-n-accordion-item-title-text\"> Kundfokus <\/div><\/span>\n\t\t\t\t\t\t\t<span class='e-n-accordion-item-title-icon'>\n\t\t\t<span class='e-opened' ><i aria-hidden=\"true\" class=\"fas fa-minus\"><\/i><\/span>\n\t\t\t<span class='e-closed'><i aria-hidden=\"true\" class=\"fas fa-plus\"><\/i><\/span>\n\t\t<\/span>\n\n\t\t\t\t\t\t<\/summary>\n\t\t\t\t<div role=\"region\" aria-labelledby=\"e-n-accordion-item-2450\" class=\"elementor-element elementor-element-7fa8c31 e-con-full e-flex e-con e-child\" data-id=\"7fa8c31\" data-element_type=\"container\" data-e-type=\"container\" data-settings=\"{&quot;_ha_eqh_enable&quot;:false}\">\n\t\t<div role=\"region\" aria-labelledby=\"e-n-accordion-item-2450\" class=\"elementor-element elementor-element-1b6aef1 e-flex e-con-boxed e-con e-child\" data-id=\"1b6aef1\" data-element_type=\"container\" data-e-type=\"container\" data-settings=\"{&quot;_ha_eqh_enable&quot;:false}\">\n\t\t\t\t\t<div class=\"e-con-inner\">\n\t\t\t\t<div class=\"elementor-element elementor-element-e1abcd0 elementor-widget elementor-widget-text-editor\" data-id=\"e1abcd0\" data-element_type=\"widget\" data-e-type=\"widget\" data-widget_type=\"text-editor.default\">\n\t\t\t\t<div class=\"elementor-widget-container\">\n\t\t\t\t\t\t\t\t\tDisplayfabriken har fokus p\u00e5 att skapa \u201dadded value\u201d f\u00f6r v\u00e5ra kunder och att \u00f6ka deras l\u00f6nsamhet.\t\t\t\t\t\t\t\t<\/div>\n\t\t\t\t<\/div>\n\t\t\t\t\t<\/div>\n\t\t\t\t<\/div>\n\t\t\t\t<\/div>\n\t\t\t\t\t<\/details>\n\t\t\t\t\t\t<details id=\"e-n-accordion-item-2451\" class=\"e-n-accordion-item\" >\n\t\t\t\t<summary class=\"e-n-accordion-item-title\" data-accordion-index=\"2\" tabindex=\"-1\" aria-expanded=\"false\" aria-controls=\"e-n-accordion-item-2451\" >\n\t\t\t\t\t<span class='e-n-accordion-item-title-header'><div class=\"e-n-accordion-item-title-text\"> Kompetens <\/div><\/span>\n\t\t\t\t\t\t\t<span class='e-n-accordion-item-title-icon'>\n\t\t\t<span class='e-opened' ><i aria-hidden=\"true\" class=\"fas fa-minus\"><\/i><\/span>\n\t\t\t<span class='e-closed'><i aria-hidden=\"true\" class=\"fas fa-plus\"><\/i><\/span>\n\t\t<\/span>\n\n\t\t\t\t\t\t<\/summary>\n\t\t\t\t<div role=\"region\" aria-labelledby=\"e-n-accordion-item-2451\" class=\"elementor-element elementor-element-f2e80e6 e-con-full e-flex e-con e-child\" data-id=\"f2e80e6\" data-element_type=\"container\" data-e-type=\"container\" data-settings=\"{&quot;_ha_eqh_enable&quot;:false}\">\n\t\t<div role=\"region\" aria-labelledby=\"e-n-accordion-item-2451\" class=\"elementor-element elementor-element-80ee50a e-flex e-con-boxed e-con e-child\" data-id=\"80ee50a\" data-element_type=\"container\" data-e-type=\"container\" data-settings=\"{&quot;_ha_eqh_enable&quot;:false}\">\n\t\t\t\t\t<div class=\"e-con-inner\">\n\t\t\t\t<div class=\"elementor-element elementor-element-a3e181a elementor-widget elementor-widget-text-editor\" data-id=\"a3e181a\" data-element_type=\"widget\" data-e-type=\"widget\" data-widget_type=\"text-editor.default\">\n\t\t\t\t<div class=\"elementor-widget-container\">\n\t\t\t\t\t\t\t\t\t<p>Displayfabriken \u00e4r, genom v\u00e5r l\u00e5nga erfarenhet, experter p\u00e5 butikskommunikation och displayl\u00f6sningar f\u00f6r butik i alla typer av plast.<\/p>\t\t\t\t\t\t\t\t<\/div>\n\t\t\t\t<\/div>\n\t\t\t\t\t<\/div>\n\t\t\t\t<\/div>\n\t\t\t\t<\/div>\n\t\t\t\t\t<\/details>\n\t\t\t\t\t\t<details id=\"e-n-accordion-item-2452\" class=\"e-n-accordion-item\" >\n\t\t\t\t<summary class=\"e-n-accordion-item-title\" data-accordion-index=\"3\" tabindex=\"-1\" aria-expanded=\"false\" aria-controls=\"e-n-accordion-item-2452\" >\n\t\t\t\t\t<span class='e-n-accordion-item-title-header'><div class=\"e-n-accordion-item-title-text\"> Innovation <\/div><\/span>\n\t\t\t\t\t\t\t<span class='e-n-accordion-item-title-icon'>\n\t\t\t<span class='e-opened' ><i aria-hidden=\"true\" class=\"fas fa-minus\"><\/i><\/span>\n\t\t\t<span class='e-closed'><i aria-hidden=\"true\" class=\"fas fa-plus\"><\/i><\/span>\n\t\t<\/span>\n\n\t\t\t\t\t\t<\/summary>\n\t\t\t\t<div role=\"region\" aria-labelledby=\"e-n-accordion-item-2452\" class=\"elementor-element elementor-element-1da7f9e e-con-full e-flex e-con e-child\" data-id=\"1da7f9e\" data-element_type=\"container\" data-e-type=\"container\" data-settings=\"{&quot;_ha_eqh_enable&quot;:false}\">\n\t\t<div role=\"region\" aria-labelledby=\"e-n-accordion-item-2452\" class=\"elementor-element elementor-element-d18cbd0 e-flex e-con-boxed e-con e-child\" data-id=\"d18cbd0\" data-element_type=\"container\" data-e-type=\"container\" data-settings=\"{&quot;_ha_eqh_enable&quot;:false}\">\n\t\t\t\t\t<div class=\"e-con-inner\">\n\t\t\t\t<div class=\"elementor-element elementor-element-151067b elementor-widget elementor-widget-text-editor\" data-id=\"151067b\" data-element_type=\"widget\" data-e-type=\"widget\" data-widget_type=\"text-editor.default\">\n\t\t\t\t<div class=\"elementor-widget-container\">\n\t\t\t\t\t\t\t\t\t<p>Displayfabriken utmanar g\u00e4ngse metoder och ligger i framkant vad g\u00e4ller nya tankes\u00e4tt (produktutveckling, materialval, produktion, etc.).<\/p>\t\t\t\t\t\t\t\t<\/div>\n\t\t\t\t<\/div>\n\t\t\t\t\t<\/div>\n\t\t\t\t<\/div>\n\t\t\t\t<\/div>\n\t\t\t\t\t<\/details>\n\t\t\t\t\t\t<details id=\"e-n-accordion-item-2453\" class=\"e-n-accordion-item\" >\n\t\t\t\t<summary class=\"e-n-accordion-item-title\" data-accordion-index=\"4\" tabindex=\"-1\" aria-expanded=\"false\" aria-controls=\"e-n-accordion-item-2453\" >\n\t\t\t\t\t<span class='e-n-accordion-item-title-header'><div class=\"e-n-accordion-item-title-text\"> Kvalitet <\/div><\/span>\n\t\t\t\t\t\t\t<span class='e-n-accordion-item-title-icon'>\n\t\t\t<span class='e-opened' ><i aria-hidden=\"true\" class=\"fas fa-minus\"><\/i><\/span>\n\t\t\t<span class='e-closed'><i aria-hidden=\"true\" class=\"fas fa-plus\"><\/i><\/span>\n\t\t<\/span>\n\n\t\t\t\t\t\t<\/summary>\n\t\t\t\t<div role=\"region\" aria-labelledby=\"e-n-accordion-item-2453\" class=\"elementor-element elementor-element-5923b8c e-con-full e-flex e-con e-child\" data-id=\"5923b8c\" data-element_type=\"container\" data-e-type=\"container\" data-settings=\"{&quot;_ha_eqh_enable&quot;:false}\">\n\t\t<div role=\"region\" aria-labelledby=\"e-n-accordion-item-2453\" class=\"elementor-element elementor-element-a19123a e-flex e-con-boxed e-con e-child\" data-id=\"a19123a\" data-element_type=\"container\" data-e-type=\"container\" data-settings=\"{&quot;_ha_eqh_enable&quot;:false}\">\n\t\t\t\t\t<div class=\"e-con-inner\">\n\t\t\t\t<div class=\"elementor-element elementor-element-47f1677 elementor-widget elementor-widget-text-editor\" data-id=\"47f1677\" data-element_type=\"widget\" data-e-type=\"widget\" data-widget_type=\"text-editor.default\">\n\t\t\t\t<div class=\"elementor-widget-container\">\n\t\t\t\t\t\t\t\t\t<p>Displayfabriken kompromissar aldrig vad g\u00e4ller kvaliteten p\u00e5 det vi producerar och s\u00e4ljer.<\/p>\t\t\t\t\t\t\t\t<\/div>\n\t\t\t\t<\/div>\n\t\t\t\t\t<\/div>\n\t\t\t\t<\/div>\n\t\t\t\t<\/div>\n\t\t\t\t\t<\/details>\n\t\t\t\t\t\t<details id=\"e-n-accordion-item-2454\" class=\"e-n-accordion-item\" >\n\t\t\t\t<summary class=\"e-n-accordion-item-title\" data-accordion-index=\"5\" tabindex=\"-1\" aria-expanded=\"false\" aria-controls=\"e-n-accordion-item-2454\" >\n\t\t\t\t\t<span class='e-n-accordion-item-title-header'><div class=\"e-n-accordion-item-title-text\"> Pris <\/div><\/span>\n\t\t\t\t\t\t\t<span class='e-n-accordion-item-title-icon'>\n\t\t\t<span class='e-opened' ><i aria-hidden=\"true\" class=\"fas fa-minus\"><\/i><\/span>\n\t\t\t<span class='e-closed'><i aria-hidden=\"true\" class=\"fas fa-plus\"><\/i><\/span>\n\t\t<\/span>\n\n\t\t\t\t\t\t<\/summary>\n\t\t\t\t<div role=\"region\" aria-labelledby=\"e-n-accordion-item-2454\" class=\"elementor-element elementor-element-33237bc e-con-full e-flex e-con e-child\" data-id=\"33237bc\" data-element_type=\"container\" data-e-type=\"container\" data-settings=\"{&quot;_ha_eqh_enable&quot;:false}\">\n\t\t<div role=\"region\" aria-labelledby=\"e-n-accordion-item-2454\" class=\"elementor-element elementor-element-dc553c6 e-flex e-con-boxed e-con e-child\" data-id=\"dc553c6\" data-element_type=\"container\" data-e-type=\"container\" data-settings=\"{&quot;_ha_eqh_enable&quot;:false}\">\n\t\t\t\t\t<div class=\"e-con-inner\">\n\t\t\t\t<div class=\"elementor-element elementor-element-80de8ed elementor-widget elementor-widget-text-editor\" data-id=\"80de8ed\" data-element_type=\"widget\" data-e-type=\"widget\" data-widget_type=\"text-editor.default\">\n\t\t\t\t<div class=\"elementor-widget-container\">\n\t\t\t\t\t\t\t\t\t<p>Displayfabrikens m\u00e5l \u00e4r att erbjuda marknadens l\u00e4gsta priser, utan att beh\u00f6va kompromissa p\u00e5 kvalitet och materialval.<\/p>\t\t\t\t\t\t\t\t<\/div>\n\t\t\t\t<\/div>\n\t\t\t\t\t<\/div>\n\t\t\t\t<\/div>\n\t\t\t\t<\/div>\n\t\t\t\t\t<\/details>\n\t\t\t\t\t<\/div>\n\t\t\t\t\t\t<\/div>\n\t\t\t\t<\/div>\n\t\t\t\t<\/div>\n\t\t<div class=\"elementor-element elementor-element-2b1f245 e-con-full e-flex e-con e-child\" data-id=\"2b1f245\" data-element_type=\"container\" data-e-type=\"container\" data-settings=\"{&quot;_ha_eqh_enable&quot;:false}\">\n\t\t\t\t<div class=\"elementor-element elementor-element-e4367df elementor-widget elementor-widget-image\" data-id=\"e4367df\" data-element_type=\"widget\" data-e-type=\"widget\" data-widget_type=\"image.default\">\n\t\t\t\t<div class=\"elementor-widget-container\">\n\t\t\t\t\t\t\t\t\t\t\t\t\t\t\t<img fetchpriority=\"high\" decoding=\"async\" width=\"1024\" height=\"768\" src=\"https:\/\/www.displayfabriken.com\/wp-content\/uploads\/2025\/02\/Lumaire-LED-1024x768.jpg\" class=\"attachment-large size-large wp-image-2277\" alt=\"\" srcset=\"https:\/\/www.displayfabriken.com\/wp-content\/uploads\/2025\/02\/Lumaire-LED-1024x768.jpg 1024w, https:\/\/www.displayfabriken.com\/wp-content\/uploads\/2025\/02\/Lumaire-LED-300x225.jpg 300w, https:\/\/www.displayfabriken.com\/wp-content\/uploads\/2025\/02\/Lumaire-LED-768x576.jpg 768w, https:\/\/www.displayfabriken.com\/wp-content\/uploads\/2025\/02\/Lumaire-LED.jpg 1200w\" sizes=\"(max-width: 1024px) 100vw, 1024px\" \/>\t\t\t\t\t\t\t\t\t\t\t\t\t\t\t<\/div>\n\t\t\t\t<\/div>\n\t\t\t\t<\/div>\n\t\t\t\t\t<\/div>\n\t\t\t\t<\/div>\n\t\t\t\t<\/div>\n\t\t","protected":false},"excerpt":{"rendered":"<p>K\u00e4rnv\u00e4rden Anledningarna att v\u00e4lja Displayfabriken \u00e4r m\u00e5nga Kundfokus Displayfabriken har fokus p\u00e5 att skapa \u201dadded value\u201d f\u00f6r v\u00e5ra kunder och att \u00f6ka deras l\u00f6nsamhet. Kompetens Displayfabriken \u00e4r, genom v\u00e5r l\u00e5nga erfarenhet, experter p\u00e5 butikskommunikation och displayl\u00f6sningar f\u00f6r butik i alla typer av plast. Innovation Displayfabriken utmanar g\u00e4ngse metoder och ligger i framkant vad g\u00e4ller nya [&hellip;]<\/p>\n","protected":false},"author":1,"featured_media":0,"parent":0,"menu_order":0,"comment_status":"closed","ping_status":"closed","template":"","meta":{"site-sidebar-layout":"no-sidebar","site-content-layout":"page-builder","ast-site-content-layout":"full-width-container","site-content-style":"default","site-sidebar-style":"default","ast-global-header-display":"","ast-banner-title-visibility":"","ast-main-header-display":"","ast-hfb-above-header-display":"","ast-hfb-below-header-display":"","ast-hfb-mobile-header-display":"","site-post-title":"disabled","ast-breadcrumbs-content":"","ast-featured-img":"disabled","footer-sml-layout":"","theme-transparent-header-meta":"","adv-header-id-meta":"","stick-header-meta":"","header-above-stick-meta":"","header-main-stick-meta":"","header-below-stick-meta":"","astra-migrate-meta-layouts":"set","ast-page-background-enabled":"default","ast-page-background-meta":{"desktop":{"background-color":"","background-image":"","background-repeat":"repeat","background-position":"center center","background-size":"auto","background-attachment":"scroll","background-type":"","background-media":"","overlay-type":"","overlay-color":"","overlay-opacity":"","overlay-gradient":""},"tablet":{"background-color":"","background-image":"","background-repeat":"repeat","background-position":"center center","background-size":"auto","background-attachment":"scroll","background-type":"","background-media":"","overlay-type":"","overlay-color":"","overlay-opacity":"","overlay-gradient":""},"mobile":{"background-color":"","background-image":"","background-repeat":"repeat","background-position":"center center","background-size":"auto","background-attachment":"scroll","background-type":"","background-media":"","overlay-type":"","overlay-color":"","overlay-opacity":"","overlay-gradient":""}},"ast-content-background-meta":{"desktop":{"background-color":"var(--ast-global-color-5)","background-image":"","background-repeat":"repeat","background-position":"center center","background-size":"auto","background-attachment":"scroll","background-type":"","background-media":"","overlay-type":"","overlay-color":"","overlay-opacity":"","overlay-gradient":""},"tablet":{"background-color":"var(--ast-global-color-5)","background-image":"","background-repeat":"repeat","background-position":"center center","background-size":"auto","background-attachment":"scroll","background-type":"","background-media":"","overlay-type":"","overlay-color":"","overlay-opacity":"","overlay-gradient":""},"mobile":{"background-color":"var(--ast-global-color-5)","background-image":"","background-repeat":"repeat","background-position":"center center","background-size":"auto","background-attachment":"scroll","background-type":"","background-media":"","overlay-type":"","overlay-color":"","overlay-opacity":"","overlay-gradient":""}},"footnotes":""},"class_list":["post-2994","page","type-page","status-publish","hentry"],"yoast_head":"<!-- This site is optimized with the Yoast SEO plugin v27.4 - https:\/\/yoast.com\/product\/yoast-seo-wordpress\/ -->\n<title>K\u00e4rnv\u00e4rden - Displayfabriken<\/title>\n<meta name=\"robots\" content=\"index, follow, max-snippet:-1, max-image-preview:large, max-video-preview:-1\" \/>\n<link rel=\"canonical\" href=\"https:\/\/www.displayfabriken.com\/sv\/karnvarden\/\" \/>\n<meta property=\"og:locale\" content=\"sv_SE\" \/>\n<meta property=\"og:type\" content=\"article\" \/>\n<meta property=\"og:title\" content=\"K\u00e4rnv\u00e4rden - Displayfabriken\" \/>\n<meta property=\"og:description\" content=\"K\u00e4rnv\u00e4rden Anledningarna att v\u00e4lja Displayfabriken \u00e4r m\u00e5nga Kundfokus Displayfabriken har fokus p\u00e5 att skapa \u201dadded value\u201d f\u00f6r v\u00e5ra kunder och att \u00f6ka deras l\u00f6nsamhet. Kompetens Displayfabriken \u00e4r, genom v\u00e5r l\u00e5nga erfarenhet, experter p\u00e5 butikskommunikation och displayl\u00f6sningar f\u00f6r butik i alla typer av plast. Innovation Displayfabriken utmanar g\u00e4ngse metoder och ligger i framkant vad g\u00e4ller nya [&hellip;]\" \/>\n<meta property=\"og:url\" content=\"https:\/\/www.displayfabriken.com\/sv\/karnvarden\/\" \/>\n<meta property=\"og:site_name\" content=\"Displayfabriken\" \/>\n<meta property=\"article:modified_time\" content=\"2025-02-06T10:38:55+00:00\" \/>\n<meta property=\"og:image\" content=\"https:\/\/www.displayfabriken.com\/wp-content\/uploads\/2025\/02\/Lumaire-LED-1024x768.jpg\" \/>\n<meta name=\"twitter:card\" content=\"summary_large_image\" \/>\n<meta name=\"twitter:label1\" content=\"Ber\u00e4knad l\u00e4stid\" \/>\n\t<meta name=\"twitter:data1\" content=\"2 minuter\" \/>\n<script type=\"application\/ld+json\" class=\"yoast-schema-graph\">{\"@context\":\"https:\\\/\\\/schema.org\",\"@graph\":[{\"@type\":\"WebPage\",\"@id\":\"https:\\\/\\\/www.displayfabriken.com\\\/sv\\\/karnvarden\\\/\",\"url\":\"https:\\\/\\\/www.displayfabriken.com\\\/sv\\\/karnvarden\\\/\",\"name\":\"K\u00e4rnv\u00e4rden - Displayfabriken\",\"isPartOf\":{\"@id\":\"https:\\\/\\\/www.displayfabriken.com\\\/sv\\\/#website\"},\"primaryImageOfPage\":{\"@id\":\"https:\\\/\\\/www.displayfabriken.com\\\/sv\\\/karnvarden\\\/#primaryimage\"},\"image\":{\"@id\":\"https:\\\/\\\/www.displayfabriken.com\\\/sv\\\/karnvarden\\\/#primaryimage\"},\"thumbnailUrl\":\"https:\\\/\\\/www.displayfabriken.com\\\/wp-content\\\/uploads\\\/2025\\\/02\\\/Lumaire-LED-1024x768.jpg\",\"datePublished\":\"2025-02-06T10:22:00+00:00\",\"dateModified\":\"2025-02-06T10:38:55+00:00\",\"breadcrumb\":{\"@id\":\"https:\\\/\\\/www.displayfabriken.com\\\/sv\\\/karnvarden\\\/#breadcrumb\"},\"inLanguage\":\"sv-SE\",\"potentialAction\":[{\"@type\":\"ReadAction\",\"target\":[\"https:\\\/\\\/www.displayfabriken.com\\\/sv\\\/karnvarden\\\/\"]}]},{\"@type\":\"ImageObject\",\"inLanguage\":\"sv-SE\",\"@id\":\"https:\\\/\\\/www.displayfabriken.com\\\/sv\\\/karnvarden\\\/#primaryimage\",\"url\":\"https:\\\/\\\/www.displayfabriken.com\\\/wp-content\\\/uploads\\\/2025\\\/02\\\/Lumaire-LED-1024x768.jpg\",\"contentUrl\":\"https:\\\/\\\/www.displayfabriken.com\\\/wp-content\\\/uploads\\\/2025\\\/02\\\/Lumaire-LED-1024x768.jpg\"},{\"@type\":\"BreadcrumbList\",\"@id\":\"https:\\\/\\\/www.displayfabriken.com\\\/sv\\\/karnvarden\\\/#breadcrumb\",\"itemListElement\":[{\"@type\":\"ListItem\",\"position\":1,\"name\":\"Hem\",\"item\":\"https:\\\/\\\/www.displayfabriken.com\\\/sv\\\/\"},{\"@type\":\"ListItem\",\"position\":2,\"name\":\"K\u00e4rnv\u00e4rden\"}]},{\"@type\":\"WebSite\",\"@id\":\"https:\\\/\\\/www.displayfabriken.com\\\/sv\\\/#website\",\"url\":\"https:\\\/\\\/www.displayfabriken.com\\\/sv\\\/\",\"name\":\"Displayfabriken\",\"description\":\"The display and branding company\",\"publisher\":{\"@id\":\"https:\\\/\\\/www.displayfabriken.com\\\/sv\\\/#organization\"},\"potentialAction\":[{\"@type\":\"SearchAction\",\"target\":{\"@type\":\"EntryPoint\",\"urlTemplate\":\"https:\\\/\\\/www.displayfabriken.com\\\/sv\\\/?s={search_term_string}\"},\"query-input\":{\"@type\":\"PropertyValueSpecification\",\"valueRequired\":true,\"valueName\":\"search_term_string\"}}],\"inLanguage\":\"sv-SE\"},{\"@type\":\"Organization\",\"@id\":\"https:\\\/\\\/www.displayfabriken.com\\\/sv\\\/#organization\",\"name\":\"Displayfabriken\",\"url\":\"https:\\\/\\\/www.displayfabriken.com\\\/sv\\\/\",\"logo\":{\"@type\":\"ImageObject\",\"inLanguage\":\"sv-SE\",\"@id\":\"https:\\\/\\\/www.displayfabriken.com\\\/sv\\\/#\\\/schema\\\/logo\\\/image\\\/\",\"url\":\"https:\\\/\\\/www.displayfabriken.com\\\/wp-content\\\/uploads\\\/2025\\\/01\\\/displayfabriken_logo.png\",\"contentUrl\":\"https:\\\/\\\/www.displayfabriken.com\\\/wp-content\\\/uploads\\\/2025\\\/01\\\/displayfabriken_logo.png\",\"width\":350,\"height\":61,\"caption\":\"Displayfabriken\"},\"image\":{\"@id\":\"https:\\\/\\\/www.displayfabriken.com\\\/sv\\\/#\\\/schema\\\/logo\\\/image\\\/\"}}]}<\/script>\n<!-- \/ Yoast SEO plugin. -->","yoast_head_json":{"title":"K\u00e4rnv\u00e4rden - Displayfabriken","robots":{"index":"index","follow":"follow","max-snippet":"max-snippet:-1","max-image-preview":"max-image-preview:large","max-video-preview":"max-video-preview:-1"},"canonical":"https:\/\/www.displayfabriken.com\/sv\/karnvarden\/","og_locale":"sv_SE","og_type":"article","og_title":"K\u00e4rnv\u00e4rden - Displayfabriken","og_description":"K\u00e4rnv\u00e4rden Anledningarna att v\u00e4lja Displayfabriken \u00e4r m\u00e5nga Kundfokus Displayfabriken har fokus p\u00e5 att skapa \u201dadded value\u201d f\u00f6r v\u00e5ra kunder och att \u00f6ka deras l\u00f6nsamhet. Kompetens Displayfabriken \u00e4r, genom v\u00e5r l\u00e5nga erfarenhet, experter p\u00e5 butikskommunikation och displayl\u00f6sningar f\u00f6r butik i alla typer av plast. Innovation Displayfabriken utmanar g\u00e4ngse metoder och ligger i framkant vad g\u00e4ller nya [&hellip;]","og_url":"https:\/\/www.displayfabriken.com\/sv\/karnvarden\/","og_site_name":"Displayfabriken","article_modified_time":"2025-02-06T10:38:55+00:00","og_image":[{"url":"https:\/\/www.displayfabriken.com\/wp-content\/uploads\/2025\/02\/Lumaire-LED-1024x768.jpg","type":"","width":"","height":""}],"twitter_card":"summary_large_image","twitter_misc":{"Ber\u00e4knad l\u00e4stid":"2 minuter"},"schema":{"@context":"https:\/\/schema.org","@graph":[{"@type":"WebPage","@id":"https:\/\/www.displayfabriken.com\/sv\/karnvarden\/","url":"https:\/\/www.displayfabriken.com\/sv\/karnvarden\/","name":"K\u00e4rnv\u00e4rden - Displayfabriken","isPartOf":{"@id":"https:\/\/www.displayfabriken.com\/sv\/#website"},"primaryImageOfPage":{"@id":"https:\/\/www.displayfabriken.com\/sv\/karnvarden\/#primaryimage"},"image":{"@id":"https:\/\/www.displayfabriken.com\/sv\/karnvarden\/#primaryimage"},"thumbnailUrl":"https:\/\/www.displayfabriken.com\/wp-content\/uploads\/2025\/02\/Lumaire-LED-1024x768.jpg","datePublished":"2025-02-06T10:22:00+00:00","dateModified":"2025-02-06T10:38:55+00:00","breadcrumb":{"@id":"https:\/\/www.displayfabriken.com\/sv\/karnvarden\/#breadcrumb"},"inLanguage":"sv-SE","potentialAction":[{"@type":"ReadAction","target":["https:\/\/www.displayfabriken.com\/sv\/karnvarden\/"]}]},{"@type":"ImageObject","inLanguage":"sv-SE","@id":"https:\/\/www.displayfabriken.com\/sv\/karnvarden\/#primaryimage","url":"https:\/\/www.displayfabriken.com\/wp-content\/uploads\/2025\/02\/Lumaire-LED-1024x768.jpg","contentUrl":"https:\/\/www.displayfabriken.com\/wp-content\/uploads\/2025\/02\/Lumaire-LED-1024x768.jpg"},{"@type":"BreadcrumbList","@id":"https:\/\/www.displayfabriken.com\/sv\/karnvarden\/#breadcrumb","itemListElement":[{"@type":"ListItem","position":1,"name":"Hem","item":"https:\/\/www.displayfabriken.com\/sv\/"},{"@type":"ListItem","position":2,"name":"K\u00e4rnv\u00e4rden"}]},{"@type":"WebSite","@id":"https:\/\/www.displayfabriken.com\/sv\/#website","url":"https:\/\/www.displayfabriken.com\/sv\/","name":"Displayfabriken","description":"The display and branding company","publisher":{"@id":"https:\/\/www.displayfabriken.com\/sv\/#organization"},"potentialAction":[{"@type":"SearchAction","target":{"@type":"EntryPoint","urlTemplate":"https:\/\/www.displayfabriken.com\/sv\/?s={search_term_string}"},"query-input":{"@type":"PropertyValueSpecification","valueRequired":true,"valueName":"search_term_string"}}],"inLanguage":"sv-SE"},{"@type":"Organization","@id":"https:\/\/www.displayfabriken.com\/sv\/#organization","name":"Displayfabriken","url":"https:\/\/www.displayfabriken.com\/sv\/","logo":{"@type":"ImageObject","inLanguage":"sv-SE","@id":"https:\/\/www.displayfabriken.com\/sv\/#\/schema\/logo\/image\/","url":"https:\/\/www.displayfabriken.com\/wp-content\/uploads\/2025\/01\/displayfabriken_logo.png","contentUrl":"https:\/\/www.displayfabriken.com\/wp-content\/uploads\/2025\/01\/displayfabriken_logo.png","width":350,"height":61,"caption":"Displayfabriken"},"image":{"@id":"https:\/\/www.displayfabriken.com\/sv\/#\/schema\/logo\/image\/"}}]}},"_links":{"self":[{"href":"https:\/\/www.displayfabriken.com\/sv\/wp-json\/wp\/v2\/pages\/2994","targetHints":{"allow":["GET"]}}],"collection":[{"href":"https:\/\/www.displayfabriken.com\/sv\/wp-json\/wp\/v2\/pages"}],"about":[{"href":"https:\/\/www.displayfabriken.com\/sv\/wp-json\/wp\/v2\/types\/page"}],"author":[{"embeddable":true,"href":"https:\/\/www.displayfabriken.com\/sv\/wp-json\/wp\/v2\/users\/1"}],"replies":[{"embeddable":true,"href":"https:\/\/www.displayfabriken.com\/sv\/wp-json\/wp\/v2\/comments?post=2994"}],"version-history":[{"count":10,"href":"https:\/\/www.displayfabriken.com\/sv\/wp-json\/wp\/v2\/pages\/2994\/revisions"}],"predecessor-version":[{"id":3018,"href":"https:\/\/www.displayfabriken.com\/sv\/wp-json\/wp\/v2\/pages\/2994\/revisions\/3018"}],"wp:attachment":[{"href":"https:\/\/www.displayfabriken.com\/sv\/wp-json\/wp\/v2\/media?parent=2994"}],"curies":[{"name":"wp","href":"https:\/\/api.w.org\/{rel}","templated":true}]}}