{"id":3420,"date":"2025-02-06T17:52:02","date_gmt":"2025-02-06T16:52:02","guid":{"rendered":"https:\/\/www.displayfabriken.com\/?page_id=3420"},"modified":"2025-02-06T17:55:44","modified_gmt":"2025-02-06T16:55:44","slug":"katalog-kommunikation","status":"publish","type":"page","link":"https:\/\/www.displayfabriken.com\/sv\/katalog-kommunikation\/","title":{"rendered":"Katalog Kommunikation"},"content":{"rendered":"\t\t<div data-elementor-type=\"wp-page\" data-elementor-id=\"3420\" class=\"elementor elementor-3420\" data-elementor-settings=\"{&quot;ha_cmc_init_switcher&quot;:&quot;no&quot;}\" data-elementor-post-type=\"page\">\n\t\t\t\t<div class=\"elementor-element elementor-element-10ab623 e-flex e-con-boxed e-con e-parent\" data-id=\"10ab623\" data-element_type=\"container\" data-e-type=\"container\" data-settings=\"{&quot;background_background&quot;:&quot;classic&quot;,&quot;_ha_eqh_enable&quot;:false}\">\n\t\t\t\t\t<div class=\"e-con-inner\">\n\t\t\t\t<div class=\"elementor-element elementor-element-8cab2eb elementor-widget__width-inherit animated-slow elementor-invisible elementor-widget elementor-widget-heading\" data-id=\"8cab2eb\" data-element_type=\"widget\" data-e-type=\"widget\" data-settings=\"{&quot;_animation&quot;:&quot;fadeInUp&quot;}\" data-widget_type=\"heading.default\">\n\t\t\t\t<div class=\"elementor-widget-container\">\n\t\t\t\t\t<h2 class=\"elementor-heading-title elementor-size-default\">Katalog<\/h2>\t\t\t\t<\/div>\n\t\t\t\t<\/div>\n\t\t\t\t\t<\/div>\n\t\t\t\t<\/div>\n\t\t<div class=\"elementor-element elementor-element-d2e6a67 e-flex e-con-boxed e-con e-parent\" data-id=\"d2e6a67\" data-element_type=\"container\" data-e-type=\"container\" data-settings=\"{&quot;_ha_eqh_enable&quot;:false}\">\n\t\t\t\t\t<div class=\"e-con-inner\">\n\t\t<div class=\"elementor-element elementor-element-01efd66 e-con-full e-flex e-con e-child\" data-id=\"01efd66\" data-element_type=\"container\" data-e-type=\"container\" data-settings=\"{&quot;_ha_eqh_enable&quot;:false}\">\n\t\t\t\t<div class=\"elementor-element elementor-element-ba9202d elementor-widget elementor-widget-heading\" data-id=\"ba9202d\" data-element_type=\"widget\" data-e-type=\"widget\" data-widget_type=\"heading.default\">\n\t\t\t\t<div class=\"elementor-widget-container\">\n\t\t\t\t\t<h1 class=\"elementor-heading-title elementor-size-default\">Kataloger Kommunikation<\/h1>\t\t\t\t<\/div>\n\t\t\t\t<\/div>\n\t\t\t\t<\/div>\n\t\t<div class=\"elementor-element elementor-element-eb34bf5 e-con-full e-flex e-con e-child\" data-id=\"eb34bf5\" data-element_type=\"container\" data-e-type=\"container\" data-settings=\"{&quot;_ha_eqh_enable&quot;:false}\">\n\t\t\t\t<div class=\"elementor-element elementor-element-2fadddc elementor-widget elementor-widget-button\" data-id=\"2fadddc\" data-element_type=\"widget\" data-e-type=\"widget\" data-widget_type=\"button.default\">\n\t\t\t\t<div class=\"elementor-widget-container\">\n\t\t\t\t\t\t\t\t\t<div class=\"elementor-button-wrapper\">\n\t\t\t\t\t<a class=\"elementor-button elementor-button-link elementor-size-sm\" href=\"https:\/\/www.displayfabriken.com\/wp-content\/uploads\/2025\/02\/Avdelare.pdf\" target=\"_blank\">\n\t\t\t\t\t\t<span class=\"elementor-button-content-wrapper\">\n\t\t\t\t\t\t\t\t\t<span class=\"elementor-button-text\">Ladda ner katalog f\u00f6r Avdelare<\/span>\n\t\t\t\t\t<\/span>\n\t\t\t\t\t<\/a>\n\t\t\t\t<\/div>\n\t\t\t\t\t\t\t\t<\/div>\n\t\t\t\t<\/div>\n\t\t\t\t<div class=\"elementor-element elementor-element-56e974b elementor-widget elementor-widget-button\" data-id=\"56e974b\" data-element_type=\"widget\" data-e-type=\"widget\" data-widget_type=\"button.default\">\n\t\t\t\t<div class=\"elementor-widget-container\">\n\t\t\t\t\t\t\t\t\t<div class=\"elementor-button-wrapper\">\n\t\t\t\t\t<a class=\"elementor-button elementor-button-link elementor-size-sm\" href=\"https:\/\/www.displayfabriken.com\/wp-content\/uploads\/2025\/02\/Hyllkantlister.pdf\" target=\"_blank\">\n\t\t\t\t\t\t<span class=\"elementor-button-content-wrapper\">\n\t\t\t\t\t\t\t\t\t<span class=\"elementor-button-text\">Ladda ner katalog f\u00f6r Hyllkantslister<\/span>\n\t\t\t\t\t<\/span>\n\t\t\t\t\t<\/a>\n\t\t\t\t<\/div>\n\t\t\t\t\t\t\t\t<\/div>\n\t\t\t\t<\/div>\n\t\t\t\t<div class=\"elementor-element elementor-element-f914a0e elementor-widget elementor-widget-button\" data-id=\"f914a0e\" data-element_type=\"widget\" data-e-type=\"widget\" data-widget_type=\"button.default\">\n\t\t\t\t<div class=\"elementor-widget-container\">\n\t\t\t\t\t\t\t\t\t<div class=\"elementor-button-wrapper\">\n\t\t\t\t\t<a class=\"elementor-button elementor-button-link elementor-size-sm\" href=\"https:\/\/www.displayfabriken.com\/wp-content\/uploads\/2025\/02\/Standard-sortiment-POS-1.pdf\" target=\"_blank\">\n\t\t\t\t\t\t<span class=\"elementor-button-content-wrapper\">\n\t\t\t\t\t\t\t\t\t<span class=\"elementor-button-text\">Ladda ner katalog f\u00f6r POS tillbeh\u00f6r<\/span>\n\t\t\t\t\t<\/span>\n\t\t\t\t\t<\/a>\n\t\t\t\t<\/div>\n\t\t\t\t\t\t\t\t<\/div>\n\t\t\t\t<\/div>\n\t\t\t\t<\/div>\n\t\t\t\t\t<\/div>\n\t\t\t\t<\/div>\n\t\t\t\t<\/div>\n\t\t","protected":false},"excerpt":{"rendered":"<p>Katalog Kataloger Kommunikation Ladda ner katalog f\u00f6r Avdelare Ladda ner katalog f\u00f6r Hyllkantslister Ladda ner katalog f\u00f6r POS tillbeh\u00f6r<\/p>\n","protected":false},"author":1,"featured_media":0,"parent":0,"menu_order":0,"comment_status":"closed","ping_status":"closed","template":"","meta":{"site-sidebar-layout":"no-sidebar","site-content-layout":"page-builder","ast-site-content-layout":"full-width-container","site-content-style":"default","site-sidebar-style":"default","ast-global-header-display":"","ast-banner-title-visibility":"","ast-main-header-display":"","ast-hfb-above-header-display":"","ast-hfb-below-header-display":"","ast-hfb-mobile-header-display":"","site-post-title":"disabled","ast-breadcrumbs-content":"","ast-featured-img":"disabled","footer-sml-layout":"","theme-transparent-header-meta":"","adv-header-id-meta":"","stick-header-meta":"","header-above-stick-meta":"","header-main-stick-meta":"","header-below-stick-meta":"","astra-migrate-meta-layouts":"set","ast-page-background-enabled":"default","ast-page-background-meta":{"desktop":{"background-color":"","background-image":"","background-repeat":"repeat","background-position":"center center","background-size":"auto","background-attachment":"scroll","background-type":"","background-media":"","overlay-type":"","overlay-color":"","overlay-opacity":"","overlay-gradient":""},"tablet":{"background-color":"","background-image":"","background-repeat":"repeat","background-position":"center center","background-size":"auto","background-attachment":"scroll","background-type":"","background-media":"","overlay-type":"","overlay-color":"","overlay-opacity":"","overlay-gradient":""},"mobile":{"background-color":"","background-image":"","background-repeat":"repeat","background-position":"center center","background-size":"auto","background-attachment":"scroll","background-type":"","background-media":"","overlay-type":"","overlay-color":"","overlay-opacity":"","overlay-gradient":""}},"ast-content-background-meta":{"desktop":{"background-color":"var(--ast-global-color-5)","background-image":"","background-repeat":"repeat","background-position":"center center","background-size":"auto","background-attachment":"scroll","background-type":"","background-media":"","overlay-type":"","overlay-color":"","overlay-opacity":"","overlay-gradient":""},"tablet":{"background-color":"var(--ast-global-color-5)","background-image":"","background-repeat":"repeat","background-position":"center center","background-size":"auto","background-attachment":"scroll","background-type":"","background-media":"","overlay-type":"","overlay-color":"","overlay-opacity":"","overlay-gradient":""},"mobile":{"background-color":"var(--ast-global-color-5)","background-image":"","background-repeat":"repeat","background-position":"center center","background-size":"auto","background-attachment":"scroll","background-type":"","background-media":"","overlay-type":"","overlay-color":"","overlay-opacity":"","overlay-gradient":""}},"footnotes":""},"class_list":["post-3420","page","type-page","status-publish","hentry"],"yoast_head":"<!-- This site is optimized with the Yoast SEO plugin v27.4 - https:\/\/yoast.com\/product\/yoast-seo-wordpress\/ -->\n<title>Katalog Kommunikation - Displayfabriken<\/title>\n<meta name=\"robots\" content=\"index, follow, max-snippet:-1, max-image-preview:large, max-video-preview:-1\" \/>\n<link rel=\"canonical\" href=\"https:\/\/www.displayfabriken.com\/sv\/katalog-kommunikation\/\" \/>\n<meta property=\"og:locale\" content=\"sv_SE\" \/>\n<meta property=\"og:type\" content=\"article\" \/>\n<meta property=\"og:title\" content=\"Katalog Kommunikation - Displayfabriken\" \/>\n<meta property=\"og:description\" content=\"Katalog Kataloger Kommunikation Ladda ner katalog f\u00f6r Avdelare Ladda ner katalog f\u00f6r Hyllkantslister Ladda ner katalog f\u00f6r POS tillbeh\u00f6r\" \/>\n<meta property=\"og:url\" content=\"https:\/\/www.displayfabriken.com\/sv\/katalog-kommunikation\/\" \/>\n<meta property=\"og:site_name\" content=\"Displayfabriken\" \/>\n<meta property=\"article:modified_time\" content=\"2025-02-06T16:55:44+00:00\" \/>\n<meta name=\"twitter:card\" content=\"summary_large_image\" \/>\n<meta name=\"twitter:label1\" content=\"Ber\u00e4knad l\u00e4stid\" \/>\n\t<meta name=\"twitter:data1\" content=\"1 minut\" \/>\n<script type=\"application\/ld+json\" class=\"yoast-schema-graph\">{\"@context\":\"https:\\\/\\\/schema.org\",\"@graph\":[{\"@type\":\"WebPage\",\"@id\":\"https:\\\/\\\/www.displayfabriken.com\\\/sv\\\/katalog-kommunikation\\\/\",\"url\":\"https:\\\/\\\/www.displayfabriken.com\\\/sv\\\/katalog-kommunikation\\\/\",\"name\":\"Katalog Kommunikation - Displayfabriken\",\"isPartOf\":{\"@id\":\"https:\\\/\\\/www.displayfabriken.com\\\/sv\\\/#website\"},\"datePublished\":\"2025-02-06T16:52:02+00:00\",\"dateModified\":\"2025-02-06T16:55:44+00:00\",\"breadcrumb\":{\"@id\":\"https:\\\/\\\/www.displayfabriken.com\\\/sv\\\/katalog-kommunikation\\\/#breadcrumb\"},\"inLanguage\":\"sv-SE\",\"potentialAction\":[{\"@type\":\"ReadAction\",\"target\":[\"https:\\\/\\\/www.displayfabriken.com\\\/sv\\\/katalog-kommunikation\\\/\"]}]},{\"@type\":\"BreadcrumbList\",\"@id\":\"https:\\\/\\\/www.displayfabriken.com\\\/sv\\\/katalog-kommunikation\\\/#breadcrumb\",\"itemListElement\":[{\"@type\":\"ListItem\",\"position\":1,\"name\":\"Hem\",\"item\":\"https:\\\/\\\/www.displayfabriken.com\\\/sv\\\/\"},{\"@type\":\"ListItem\",\"position\":2,\"name\":\"Katalog Kommunikation\"}]},{\"@type\":\"WebSite\",\"@id\":\"https:\\\/\\\/www.displayfabriken.com\\\/sv\\\/#website\",\"url\":\"https:\\\/\\\/www.displayfabriken.com\\\/sv\\\/\",\"name\":\"Displayfabriken\",\"description\":\"The display and branding company\",\"publisher\":{\"@id\":\"https:\\\/\\\/www.displayfabriken.com\\\/sv\\\/#organization\"},\"potentialAction\":[{\"@type\":\"SearchAction\",\"target\":{\"@type\":\"EntryPoint\",\"urlTemplate\":\"https:\\\/\\\/www.displayfabriken.com\\\/sv\\\/?s={search_term_string}\"},\"query-input\":{\"@type\":\"PropertyValueSpecification\",\"valueRequired\":true,\"valueName\":\"search_term_string\"}}],\"inLanguage\":\"sv-SE\"},{\"@type\":\"Organization\",\"@id\":\"https:\\\/\\\/www.displayfabriken.com\\\/sv\\\/#organization\",\"name\":\"Displayfabriken\",\"url\":\"https:\\\/\\\/www.displayfabriken.com\\\/sv\\\/\",\"logo\":{\"@type\":\"ImageObject\",\"inLanguage\":\"sv-SE\",\"@id\":\"https:\\\/\\\/www.displayfabriken.com\\\/sv\\\/#\\\/schema\\\/logo\\\/image\\\/\",\"url\":\"https:\\\/\\\/www.displayfabriken.com\\\/wp-content\\\/uploads\\\/2025\\\/01\\\/displayfabriken_logo.png\",\"contentUrl\":\"https:\\\/\\\/www.displayfabriken.com\\\/wp-content\\\/uploads\\\/2025\\\/01\\\/displayfabriken_logo.png\",\"width\":350,\"height\":61,\"caption\":\"Displayfabriken\"},\"image\":{\"@id\":\"https:\\\/\\\/www.displayfabriken.com\\\/sv\\\/#\\\/schema\\\/logo\\\/image\\\/\"}}]}<\/script>\n<!-- \/ Yoast SEO plugin. -->","yoast_head_json":{"title":"Katalog Kommunikation - Displayfabriken","robots":{"index":"index","follow":"follow","max-snippet":"max-snippet:-1","max-image-preview":"max-image-preview:large","max-video-preview":"max-video-preview:-1"},"canonical":"https:\/\/www.displayfabriken.com\/sv\/katalog-kommunikation\/","og_locale":"sv_SE","og_type":"article","og_title":"Katalog Kommunikation - Displayfabriken","og_description":"Katalog Kataloger Kommunikation Ladda ner katalog f\u00f6r Avdelare Ladda ner katalog f\u00f6r Hyllkantslister Ladda ner katalog f\u00f6r POS tillbeh\u00f6r","og_url":"https:\/\/www.displayfabriken.com\/sv\/katalog-kommunikation\/","og_site_name":"Displayfabriken","article_modified_time":"2025-02-06T16:55:44+00:00","twitter_card":"summary_large_image","twitter_misc":{"Ber\u00e4knad l\u00e4stid":"1 minut"},"schema":{"@context":"https:\/\/schema.org","@graph":[{"@type":"WebPage","@id":"https:\/\/www.displayfabriken.com\/sv\/katalog-kommunikation\/","url":"https:\/\/www.displayfabriken.com\/sv\/katalog-kommunikation\/","name":"Katalog Kommunikation - Displayfabriken","isPartOf":{"@id":"https:\/\/www.displayfabriken.com\/sv\/#website"},"datePublished":"2025-02-06T16:52:02+00:00","dateModified":"2025-02-06T16:55:44+00:00","breadcrumb":{"@id":"https:\/\/www.displayfabriken.com\/sv\/katalog-kommunikation\/#breadcrumb"},"inLanguage":"sv-SE","potentialAction":[{"@type":"ReadAction","target":["https:\/\/www.displayfabriken.com\/sv\/katalog-kommunikation\/"]}]},{"@type":"BreadcrumbList","@id":"https:\/\/www.displayfabriken.com\/sv\/katalog-kommunikation\/#breadcrumb","itemListElement":[{"@type":"ListItem","position":1,"name":"Hem","item":"https:\/\/www.displayfabriken.com\/sv\/"},{"@type":"ListItem","position":2,"name":"Katalog Kommunikation"}]},{"@type":"WebSite","@id":"https:\/\/www.displayfabriken.com\/sv\/#website","url":"https:\/\/www.displayfabriken.com\/sv\/","name":"Displayfabriken","description":"The display and branding company","publisher":{"@id":"https:\/\/www.displayfabriken.com\/sv\/#organization"},"potentialAction":[{"@type":"SearchAction","target":{"@type":"EntryPoint","urlTemplate":"https:\/\/www.displayfabriken.com\/sv\/?s={search_term_string}"},"query-input":{"@type":"PropertyValueSpecification","valueRequired":true,"valueName":"search_term_string"}}],"inLanguage":"sv-SE"},{"@type":"Organization","@id":"https:\/\/www.displayfabriken.com\/sv\/#organization","name":"Displayfabriken","url":"https:\/\/www.displayfabriken.com\/sv\/","logo":{"@type":"ImageObject","inLanguage":"sv-SE","@id":"https:\/\/www.displayfabriken.com\/sv\/#\/schema\/logo\/image\/","url":"https:\/\/www.displayfabriken.com\/wp-content\/uploads\/2025\/01\/displayfabriken_logo.png","contentUrl":"https:\/\/www.displayfabriken.com\/wp-content\/uploads\/2025\/01\/displayfabriken_logo.png","width":350,"height":61,"caption":"Displayfabriken"},"image":{"@id":"https:\/\/www.displayfabriken.com\/sv\/#\/schema\/logo\/image\/"}}]}},"_links":{"self":[{"href":"https:\/\/www.displayfabriken.com\/sv\/wp-json\/wp\/v2\/pages\/3420","targetHints":{"allow":["GET"]}}],"collection":[{"href":"https:\/\/www.displayfabriken.com\/sv\/wp-json\/wp\/v2\/pages"}],"about":[{"href":"https:\/\/www.displayfabriken.com\/sv\/wp-json\/wp\/v2\/types\/page"}],"author":[{"embeddable":true,"href":"https:\/\/www.displayfabriken.com\/sv\/wp-json\/wp\/v2\/users\/1"}],"replies":[{"embeddable":true,"href":"https:\/\/www.displayfabriken.com\/sv\/wp-json\/wp\/v2\/comments?post=3420"}],"version-history":[{"count":13,"href":"https:\/\/www.displayfabriken.com\/sv\/wp-json\/wp\/v2\/pages\/3420\/revisions"}],"predecessor-version":[{"id":3436,"href":"https:\/\/www.displayfabriken.com\/sv\/wp-json\/wp\/v2\/pages\/3420\/revisions\/3436"}],"wp:attachment":[{"href":"https:\/\/www.displayfabriken.com\/sv\/wp-json\/wp\/v2\/media?parent=3420"}],"curies":[{"name":"wp","href":"https:\/\/api.w.org\/{rel}","templated":true}]}}