{"id":3636,"date":"2025-02-05T10:51:23","date_gmt":"2025-02-05T09:51:23","guid":{"rendered":"https:\/\/www.displayfabriken.com\/?page_id=3636"},"modified":"2025-02-05T10:51:23","modified_gmt":"2025-02-05T09:51:23","slug":"design","status":"publish","type":"page","link":"https:\/\/www.displayfabriken.com\/sv\/design\/","title":{"rendered":"Design"},"content":{"rendered":"\t\t<div data-elementor-type=\"wp-page\" data-elementor-id=\"3636\" class=\"elementor elementor-3636\" data-elementor-settings=\"{&quot;ha_cmc_init_switcher&quot;:&quot;no&quot;}\" data-elementor-post-type=\"page\">\n\t\t\t\t<div class=\"elementor-element elementor-element-f0114cd e-flex e-con-boxed e-con e-parent\" data-id=\"f0114cd\" data-element_type=\"container\" data-e-type=\"container\" data-settings=\"{&quot;background_background&quot;:&quot;classic&quot;,&quot;_ha_eqh_enable&quot;:false}\">\n\t\t\t\t\t<div class=\"e-con-inner\">\n\t\t\t\t<div class=\"elementor-element elementor-element-4588d79 elementor-widget__width-inherit animated-slow elementor-invisible elementor-widget elementor-widget-heading\" data-id=\"4588d79\" data-element_type=\"widget\" data-e-type=\"widget\" data-settings=\"{&quot;_animation&quot;:&quot;fadeInUp&quot;}\" data-widget_type=\"heading.default\">\n\t\t\t\t<div class=\"elementor-widget-container\">\n\t\t\t\t\t<h1 class=\"elementor-heading-title elementor-size-default\">Design<\/h1>\t\t\t\t<\/div>\n\t\t\t\t<\/div>\n\t\t\t\t\t<\/div>\n\t\t\t\t<\/div>\n\t\t<div class=\"elementor-element elementor-element-844ecb9 e-flex e-con-boxed e-con e-parent\" data-id=\"844ecb9\" data-element_type=\"container\" data-e-type=\"container\" data-settings=\"{&quot;background_background&quot;:&quot;classic&quot;,&quot;_ha_eqh_enable&quot;:false}\">\n\t\t\t\t\t<div class=\"e-con-inner\">\n\t\t<div class=\"elementor-element elementor-element-2d040fc e-con-full e-flex e-con e-child\" data-id=\"2d040fc\" data-element_type=\"container\" data-e-type=\"container\" data-settings=\"{&quot;_ha_eqh_enable&quot;:false}\">\n\t\t\t\t<div class=\"elementor-element elementor-element-232351b elementor-widget elementor-widget-heading\" data-id=\"232351b\" data-element_type=\"widget\" data-e-type=\"widget\" data-widget_type=\"heading.default\">\n\t\t\t\t<div class=\"elementor-widget-container\">\n\t\t\t\t\t<h2 class=\"elementor-heading-title elementor-size-default\">Design<\/h2>\t\t\t\t<\/div>\n\t\t\t\t<\/div>\n\t\t\t\t<div class=\"elementor-element elementor-element-5483b2e elementor-widget elementor-widget-text-editor\" data-id=\"5483b2e\" data-element_type=\"widget\" data-e-type=\"widget\" data-widget_type=\"text-editor.default\">\n\t\t\t\t<div class=\"elementor-widget-container\">\n\t\t\t\t\t\t\t\t\t<p>En h\u00e5llbar produkt, en v\u00e4l fungerande l\u00f6sning eller ett lyckat projekt b\u00f6rjar med en bra id\u00e9. Vi f\u00f6r\u00e4dlar din id\u00e9, stor eller liten, efter just dina behov och f\u00f6ruts\u00e4ttningar.<\/p><p>Oavsett om det \u00e4r designskisser, konstruktionsritningar eller 3D-visualiseringar tar vi fram de underlag som beh\u00f6vs f\u00f6r att realisera din id\u00e9 i en produktion.<\/p><p>Vi samarbetar med kunniga produktutvecklare, konstrukt\u00f6rer och tekniker f\u00f6r att kunna erbjuda dig en optimal slutprodukt<\/p>\t\t\t\t\t\t\t\t<\/div>\n\t\t\t\t<\/div>\n\t\t\t\t<\/div>\n\t\t<div class=\"elementor-element elementor-element-2b1f245 e-con-full e-flex e-con e-child\" data-id=\"2b1f245\" data-element_type=\"container\" data-e-type=\"container\" data-settings=\"{&quot;_ha_eqh_enable&quot;:false}\">\n\t\t<div class=\"elementor-element elementor-element-34de4d8 e-con-full e-flex e-con e-child\" data-id=\"34de4d8\" data-element_type=\"container\" data-e-type=\"container\" data-settings=\"{&quot;background_background&quot;:&quot;classic&quot;,&quot;sticky&quot;:&quot;top&quot;,&quot;sticky_on&quot;:[&quot;desktop&quot;],&quot;sticky_offset&quot;:20,&quot;sticky_parent&quot;:&quot;yes&quot;,&quot;_ha_eqh_enable&quot;:false,&quot;sticky_effects_offset&quot;:0,&quot;sticky_anchor_link_offset&quot;:0}\">\n\t\t\t\t<div class=\"elementor-element elementor-element-435b442 ha-mode--comfy ulfix ha-direction--right elementor-widget elementor-widget-ha-list-group happy-addon ha-list-group happy-addon-pro\" data-id=\"435b442\" data-element_type=\"widget\" data-e-type=\"widget\" data-widget_type=\"ha-list-group.default\">\n\t\t\t\t<div class=\"elementor-widget-container\">\n\t\t\t\t\t\n        <ul class=\"ha-list-wrap\">\n            \n                <li class=\"ha-list-item ha-list-item-custom elementor-repeater-item-36d971b\">\n\n                    \n                        <div class=\"ha-item-wrap\">\n\n\t\t\t\t\t\t\t\n                            <div class=\"ha-text\">\n\t\t\t\t\t\t\t\t\t<!-- title tag start -->\n                                    <h4 class=\"ha-list-title\">\n                                        Design                                                                            <\/h4>\n\t\t\t\t\t\t\t\t\t<!-- title tag end -->\n\n                                                            <\/div>\n\n                                                            <div class=\"ha-direction\">\n\t\t\t\t\t\t\t\t\t<i aria-hidden=\"true\" class=\"hm hm-play-next\"><\/i>                                <\/div>\n                            \n                        <\/div>\n\n                    \n                <\/li>\n\n            \n                <li class=\"ha-list-item ha-list-item-custom elementor-repeater-item-424af9e\">\n\n                                        <a class=\"ha-link\" href=\"https:\/\/www.displayfabriken.com\/sv\/prototyp\/\">\n                    \n                        <div class=\"ha-item-wrap\">\n\n\t\t\t\t\t\t\t\n                            <div class=\"ha-text\">\n\t\t\t\t\t\t\t\t\t<!-- title tag start -->\n                                    <h4 class=\"ha-list-title\">\n                                        Prototyp                                                                            <\/h4>\n\t\t\t\t\t\t\t\t\t<!-- title tag end -->\n\n                                                            <\/div>\n\n                                                            <div class=\"ha-direction\">\n\t\t\t\t\t\t\t\t\t<i aria-hidden=\"true\" class=\"hm hm-play-next\"><\/i>                                <\/div>\n                            \n                        <\/div>\n\n                                        <\/a>\n                    \n                <\/li>\n\n            \n                <li class=\"ha-list-item ha-list-item-custom elementor-repeater-item-64f3954\">\n\n                                        <a class=\"ha-link\" href=\"https:\/\/www.displayfabriken.com\/sv\/produktion\/\">\n                    \n                        <div class=\"ha-item-wrap\">\n\n\t\t\t\t\t\t\t\n                            <div class=\"ha-text\">\n\t\t\t\t\t\t\t\t\t<!-- title tag start -->\n                                    <h4 class=\"ha-list-title\">\n                                        Produktion                                                                            <\/h4>\n\t\t\t\t\t\t\t\t\t<!-- title tag end -->\n\n                                                            <\/div>\n\n                                                            <div class=\"ha-direction\">\n\t\t\t\t\t\t\t\t\t<i aria-hidden=\"true\" class=\"hm hm-play-next\"><\/i>                                <\/div>\n                            \n                        <\/div>\n\n                                        <\/a>\n                    \n                <\/li>\n\n            \n                <li class=\"ha-list-item ha-list-item-custom elementor-repeater-item-b769e0f\">\n\n                                        <a class=\"ha-link\" href=\"https:\/\/www.displayfabriken.com\/sv\/logistik\/\">\n                    \n                        <div class=\"ha-item-wrap\">\n\n\t\t\t\t\t\t\t\n                            <div class=\"ha-text\">\n\t\t\t\t\t\t\t\t\t<!-- title tag start -->\n                                    <h4 class=\"ha-list-title\">\n                                        Logistik                                                                            <\/h4>\n\t\t\t\t\t\t\t\t\t<!-- title tag end -->\n\n                                                            <\/div>\n\n                                                            <div class=\"ha-direction\">\n\t\t\t\t\t\t\t\t\t<i aria-hidden=\"true\" class=\"hm hm-play-next\"><\/i>                                <\/div>\n                            \n                        <\/div>\n\n                                        <\/a>\n                    \n                <\/li>\n\n                    <\/ul>\n\n        \t\t\t\t<\/div>\n\t\t\t\t<\/div>\n\t\t\t\t<\/div>\n\t\t\t\t<\/div>\n\t\t\t\t\t<\/div>\n\t\t\t\t<\/div>\n\t\t<div class=\"elementor-element elementor-element-a727c96 e-flex e-con-boxed e-con e-parent\" data-id=\"a727c96\" data-element_type=\"container\" data-e-type=\"container\" data-settings=\"{&quot;background_background&quot;:&quot;classic&quot;,&quot;background_motion_fx_motion_fx_scrolling&quot;:&quot;yes&quot;,&quot;background_motion_fx_translateY_effect&quot;:&quot;yes&quot;,&quot;background_motion_fx_translateY_speed&quot;:{&quot;unit&quot;:&quot;px&quot;,&quot;size&quot;:4,&quot;sizes&quot;:[]},&quot;background_motion_fx_translateY_affectedRange&quot;:{&quot;unit&quot;:&quot;%&quot;,&quot;size&quot;:&quot;&quot;,&quot;sizes&quot;:{&quot;start&quot;:0,&quot;end&quot;:100}},&quot;background_motion_fx_devices&quot;:[&quot;desktop&quot;,&quot;tablet&quot;,&quot;mobile&quot;],&quot;_ha_eqh_enable&quot;:false}\">\n\t\t\t\t\t<div class=\"e-con-inner\">\n\t\t\t\t<div class=\"elementor-element elementor-element-9d832a4 elementor-widget elementor-widget-heading\" data-id=\"9d832a4\" data-element_type=\"widget\" data-e-type=\"widget\" data-widget_type=\"heading.default\">\n\t\t\t\t<div class=\"elementor-widget-container\">\n\t\t\t\t\t<h2 class=\"elementor-heading-title elementor-size-default\">Vill du veta mer om v\u00e5ra tj\u00e4nster?<\/h2>\t\t\t\t<\/div>\n\t\t\t\t<\/div>\n\t\t\t\t<div class=\"elementor-element elementor-element-06f94a4 elementor-widget elementor-widget-text-editor\" data-id=\"06f94a4\" data-element_type=\"widget\" data-e-type=\"widget\" data-widget_type=\"text-editor.default\">\n\t\t\t\t<div class=\"elementor-widget-container\">\n\t\t\t\t\t\t\t\t\tV\u00e4lkommen att kontakta oss f\u00f6r ytterligare information och v\u00e5rt kompletta utbud.\t\t\t\t\t\t\t\t<\/div>\n\t\t\t\t<\/div>\n\t\t\t\t<div class=\"elementor-element elementor-element-6c2c579 elementor-align-center elementor-widget elementor-widget-button\" data-id=\"6c2c579\" data-element_type=\"widget\" data-e-type=\"widget\" data-widget_type=\"button.default\">\n\t\t\t\t<div class=\"elementor-widget-container\">\n\t\t\t\t\t\t\t\t\t<div class=\"elementor-button-wrapper\">\n\t\t\t\t\t<a class=\"elementor-button elementor-button-link elementor-size-sm elementor-animation-grow\" href=\"https:\/\/www.displayfabriken.com\/sv\/kontakta\/\">\n\t\t\t\t\t\t<span class=\"elementor-button-content-wrapper\">\n\t\t\t\t\t\t\t\t\t<span class=\"elementor-button-text\">Kontakta oss<\/span>\n\t\t\t\t\t<\/span>\n\t\t\t\t\t<\/a>\n\t\t\t\t<\/div>\n\t\t\t\t\t\t\t\t<\/div>\n\t\t\t\t<\/div>\n\t\t\t\t\t<\/div>\n\t\t\t\t<\/div>\n\t\t\t\t<\/div>\n\t\t","protected":false},"excerpt":{"rendered":"<p>Design Design A sustainable product, a well-functioning solution or a successful project starts with a good idea. We refine your idea, big or small, according to your needs and conditions. Whether it&#8217;s design sketches, construction drawings or 3D visualizations, we produce the documentation needed to realize your idea in a production. We collaborate with skilled [&hellip;]<\/p>\n","protected":false},"author":1,"featured_media":0,"parent":0,"menu_order":0,"comment_status":"closed","ping_status":"closed","template":"","meta":{"site-sidebar-layout":"no-sidebar","site-content-layout":"page-builder","ast-site-content-layout":"full-width-container","site-content-style":"default","site-sidebar-style":"default","ast-global-header-display":"","ast-banner-title-visibility":"","ast-main-header-display":"","ast-hfb-above-header-display":"","ast-hfb-below-header-display":"","ast-hfb-mobile-header-display":"","site-post-title":"disabled","ast-breadcrumbs-content":"","ast-featured-img":"disabled","footer-sml-layout":"","theme-transparent-header-meta":"","adv-header-id-meta":"","stick-header-meta":"","header-above-stick-meta":"","header-main-stick-meta":"","header-below-stick-meta":"","astra-migrate-meta-layouts":"default","ast-page-background-enabled":"default","ast-page-background-meta":{"desktop":{"background-color":"","background-image":"","background-repeat":"repeat","background-position":"center center","background-size":"auto","background-attachment":"scroll","background-type":"","background-media":"","overlay-type":"","overlay-color":"","overlay-opacity":"","overlay-gradient":""},"tablet":{"background-color":"","background-image":"","background-repeat":"repeat","background-position":"center center","background-size":"auto","background-attachment":"scroll","background-type":"","background-media":"","overlay-type":"","overlay-color":"","overlay-opacity":"","overlay-gradient":""},"mobile":{"background-color":"","background-image":"","background-repeat":"repeat","background-position":"center center","background-size":"auto","background-attachment":"scroll","background-type":"","background-media":"","overlay-type":"","overlay-color":"","overlay-opacity":"","overlay-gradient":""}},"ast-content-background-meta":{"desktop":{"background-color":"var(--ast-global-color-5)","background-image":"","background-repeat":"repeat","background-position":"center center","background-size":"auto","background-attachment":"scroll","background-type":"","background-media":"","overlay-type":"","overlay-color":"","overlay-opacity":"","overlay-gradient":""},"tablet":{"background-color":"var(--ast-global-color-5)","background-image":"","background-repeat":"repeat","background-position":"center center","background-size":"auto","background-attachment":"scroll","background-type":"","background-media":"","overlay-type":"","overlay-color":"","overlay-opacity":"","overlay-gradient":""},"mobile":{"background-color":"var(--ast-global-color-5)","background-image":"","background-repeat":"repeat","background-position":"center center","background-size":"auto","background-attachment":"scroll","background-type":"","background-media":"","overlay-type":"","overlay-color":"","overlay-opacity":"","overlay-gradient":""}},"footnotes":""},"class_list":["post-3636","page","type-page","status-publish","hentry"],"yoast_head":"<!-- This site is optimized with the Yoast SEO plugin v27.4 - https:\/\/yoast.com\/product\/yoast-seo-wordpress\/ -->\n<title>Design - Displayfabriken<\/title>\n<meta name=\"robots\" content=\"index, follow, max-snippet:-1, max-image-preview:large, max-video-preview:-1\" \/>\n<link rel=\"canonical\" href=\"https:\/\/www.displayfabriken.com\/sv\/design\/\" \/>\n<meta property=\"og:locale\" content=\"sv_SE\" \/>\n<meta property=\"og:type\" content=\"article\" \/>\n<meta property=\"og:title\" content=\"Design - Displayfabriken\" \/>\n<meta property=\"og:description\" content=\"Design Design A sustainable product, a well-functioning solution or a successful project starts with a good idea. We refine your idea, big or small, according to your needs and conditions. Whether it&#8217;s design sketches, construction drawings or 3D visualizations, we produce the documentation needed to realize your idea in a production. We collaborate with skilled [&hellip;]\" \/>\n<meta property=\"og:url\" content=\"https:\/\/www.displayfabriken.com\/sv\/design\/\" \/>\n<meta property=\"og:site_name\" content=\"Displayfabriken\" \/>\n<meta name=\"twitter:card\" content=\"summary_large_image\" \/>\n<script type=\"application\/ld+json\" class=\"yoast-schema-graph\">{\"@context\":\"https:\\\/\\\/schema.org\",\"@graph\":[{\"@type\":\"WebPage\",\"@id\":\"https:\\\/\\\/www.displayfabriken.com\\\/sv\\\/design\\\/\",\"url\":\"https:\\\/\\\/www.displayfabriken.com\\\/sv\\\/design\\\/\",\"name\":\"Design - Displayfabriken\",\"isPartOf\":{\"@id\":\"https:\\\/\\\/www.displayfabriken.com\\\/sv\\\/#website\"},\"datePublished\":\"2025-02-05T09:51:23+00:00\",\"breadcrumb\":{\"@id\":\"https:\\\/\\\/www.displayfabriken.com\\\/sv\\\/design\\\/#breadcrumb\"},\"inLanguage\":\"sv-SE\",\"potentialAction\":[{\"@type\":\"ReadAction\",\"target\":[\"https:\\\/\\\/www.displayfabriken.com\\\/sv\\\/design\\\/\"]}]},{\"@type\":\"BreadcrumbList\",\"@id\":\"https:\\\/\\\/www.displayfabriken.com\\\/sv\\\/design\\\/#breadcrumb\",\"itemListElement\":[{\"@type\":\"ListItem\",\"position\":1,\"name\":\"Hem\",\"item\":\"https:\\\/\\\/www.displayfabriken.com\\\/sv\\\/\"},{\"@type\":\"ListItem\",\"position\":2,\"name\":\"Design\"}]},{\"@type\":\"WebSite\",\"@id\":\"https:\\\/\\\/www.displayfabriken.com\\\/sv\\\/#website\",\"url\":\"https:\\\/\\\/www.displayfabriken.com\\\/sv\\\/\",\"name\":\"Displayfabriken\",\"description\":\"The display and branding company\",\"publisher\":{\"@id\":\"https:\\\/\\\/www.displayfabriken.com\\\/sv\\\/#organization\"},\"potentialAction\":[{\"@type\":\"SearchAction\",\"target\":{\"@type\":\"EntryPoint\",\"urlTemplate\":\"https:\\\/\\\/www.displayfabriken.com\\\/sv\\\/?s={search_term_string}\"},\"query-input\":{\"@type\":\"PropertyValueSpecification\",\"valueRequired\":true,\"valueName\":\"search_term_string\"}}],\"inLanguage\":\"sv-SE\"},{\"@type\":\"Organization\",\"@id\":\"https:\\\/\\\/www.displayfabriken.com\\\/sv\\\/#organization\",\"name\":\"Displayfabriken\",\"url\":\"https:\\\/\\\/www.displayfabriken.com\\\/sv\\\/\",\"logo\":{\"@type\":\"ImageObject\",\"inLanguage\":\"sv-SE\",\"@id\":\"https:\\\/\\\/www.displayfabriken.com\\\/sv\\\/#\\\/schema\\\/logo\\\/image\\\/\",\"url\":\"https:\\\/\\\/www.displayfabriken.com\\\/wp-content\\\/uploads\\\/2025\\\/01\\\/displayfabriken_logo.png\",\"contentUrl\":\"https:\\\/\\\/www.displayfabriken.com\\\/wp-content\\\/uploads\\\/2025\\\/01\\\/displayfabriken_logo.png\",\"width\":350,\"height\":61,\"caption\":\"Displayfabriken\"},\"image\":{\"@id\":\"https:\\\/\\\/www.displayfabriken.com\\\/sv\\\/#\\\/schema\\\/logo\\\/image\\\/\"}}]}<\/script>\n<!-- \/ Yoast SEO plugin. -->","yoast_head_json":{"title":"Design - Displayfabriken","robots":{"index":"index","follow":"follow","max-snippet":"max-snippet:-1","max-image-preview":"max-image-preview:large","max-video-preview":"max-video-preview:-1"},"canonical":"https:\/\/www.displayfabriken.com\/sv\/design\/","og_locale":"sv_SE","og_type":"article","og_title":"Design - Displayfabriken","og_description":"Design Design A sustainable product, a well-functioning solution or a successful project starts with a good idea. We refine your idea, big or small, according to your needs and conditions. Whether it&#8217;s design sketches, construction drawings or 3D visualizations, we produce the documentation needed to realize your idea in a production. We collaborate with skilled [&hellip;]","og_url":"https:\/\/www.displayfabriken.com\/sv\/design\/","og_site_name":"Displayfabriken","twitter_card":"summary_large_image","schema":{"@context":"https:\/\/schema.org","@graph":[{"@type":"WebPage","@id":"https:\/\/www.displayfabriken.com\/sv\/design\/","url":"https:\/\/www.displayfabriken.com\/sv\/design\/","name":"Design - Displayfabriken","isPartOf":{"@id":"https:\/\/www.displayfabriken.com\/sv\/#website"},"datePublished":"2025-02-05T09:51:23+00:00","breadcrumb":{"@id":"https:\/\/www.displayfabriken.com\/sv\/design\/#breadcrumb"},"inLanguage":"sv-SE","potentialAction":[{"@type":"ReadAction","target":["https:\/\/www.displayfabriken.com\/sv\/design\/"]}]},{"@type":"BreadcrumbList","@id":"https:\/\/www.displayfabriken.com\/sv\/design\/#breadcrumb","itemListElement":[{"@type":"ListItem","position":1,"name":"Hem","item":"https:\/\/www.displayfabriken.com\/sv\/"},{"@type":"ListItem","position":2,"name":"Design"}]},{"@type":"WebSite","@id":"https:\/\/www.displayfabriken.com\/sv\/#website","url":"https:\/\/www.displayfabriken.com\/sv\/","name":"Displayfabriken","description":"The display and branding company","publisher":{"@id":"https:\/\/www.displayfabriken.com\/sv\/#organization"},"potentialAction":[{"@type":"SearchAction","target":{"@type":"EntryPoint","urlTemplate":"https:\/\/www.displayfabriken.com\/sv\/?s={search_term_string}"},"query-input":{"@type":"PropertyValueSpecification","valueRequired":true,"valueName":"search_term_string"}}],"inLanguage":"sv-SE"},{"@type":"Organization","@id":"https:\/\/www.displayfabriken.com\/sv\/#organization","name":"Displayfabriken","url":"https:\/\/www.displayfabriken.com\/sv\/","logo":{"@type":"ImageObject","inLanguage":"sv-SE","@id":"https:\/\/www.displayfabriken.com\/sv\/#\/schema\/logo\/image\/","url":"https:\/\/www.displayfabriken.com\/wp-content\/uploads\/2025\/01\/displayfabriken_logo.png","contentUrl":"https:\/\/www.displayfabriken.com\/wp-content\/uploads\/2025\/01\/displayfabriken_logo.png","width":350,"height":61,"caption":"Displayfabriken"},"image":{"@id":"https:\/\/www.displayfabriken.com\/sv\/#\/schema\/logo\/image\/"}}]}},"_links":{"self":[{"href":"https:\/\/www.displayfabriken.com\/sv\/wp-json\/wp\/v2\/pages\/3636","targetHints":{"allow":["GET"]}}],"collection":[{"href":"https:\/\/www.displayfabriken.com\/sv\/wp-json\/wp\/v2\/pages"}],"about":[{"href":"https:\/\/www.displayfabriken.com\/sv\/wp-json\/wp\/v2\/types\/page"}],"author":[{"embeddable":true,"href":"https:\/\/www.displayfabriken.com\/sv\/wp-json\/wp\/v2\/users\/1"}],"replies":[{"embeddable":true,"href":"https:\/\/www.displayfabriken.com\/sv\/wp-json\/wp\/v2\/comments?post=3636"}],"version-history":[{"count":0,"href":"https:\/\/www.displayfabriken.com\/sv\/wp-json\/wp\/v2\/pages\/3636\/revisions"}],"wp:attachment":[{"href":"https:\/\/www.displayfabriken.com\/sv\/wp-json\/wp\/v2\/media?parent=3636"}],"curies":[{"name":"wp","href":"https:\/\/api.w.org\/{rel}","templated":true}]}}